{"id":535,"date":"2018-06-04T09:16:01","date_gmt":"2018-06-04T13:16:01","guid":{"rendered":"https:\/\/virginmady.com\/product\/sirop-derable-fonce\/"},"modified":"2023-01-10T12:44:07","modified_gmt":"2023-01-10T17:44:07","slug":"dark-maple-syrup","status":"publish","type":"product","link":"https:\/\/virginmady.com\/en\/product\/dark-maple-syrup\/","title":{"rendered":"Dark maple syrup"},"content":{"rendered":"<p>Dark maple syrup is a top chef\u2019s best kept secret. Ours is wonderfully balanced with a flavour that is bold, rich, and robust. It\u2019s definitely a must-have ingredient in the kitchen.<\/p>\n<p>&nbsp;<\/p>\n<p>Other packaging available, <a href=\"https:\/\/virginmady.com\/en\/contact\/\">contact us<\/a><\/p>\n","protected":false},"excerpt":{"rendered":"<p>Dark maple syrup is a top chef\u2019s best kept secret. Ours is wonderfully balanced with a flavour that is bold, rich, and robust. It\u2019s definitely a must-have ingredient in the kitchen. &nbsp; Other packaging available, contact us<\/p>\n","protected":false},"featured_media":1035,"comment_status":"open","ping_status":"closed","template":"","meta":{"_acf_changed":false},"product_brand":[],"product_cat":[25,141],"product_tag":[],"class_list":{"0":"post-535","1":"product","2":"type-product","3":"status-publish","4":"has-post-thumbnail","6":"product_cat-non-classifiee","7":"product_cat-maple-syrups","8":"product_shipping_class-standard-en","10":"first","11":"instock","12":"shipping-taxable","13":"purchasable","14":"product-type-variable","15":"has-default-attributes"},"composite_virtual":false,"composite_layout":"","composite_add_to_cart_form_location":"","composite_editable_in_cart":false,"composite_sold_individually_context":"","composite_shop_price_calc":"","composite_components":[],"composite_scenarios":[],"acf":[],"yoast_head":"<!-- This site is optimized with the Yoast SEO plugin v26.8 - https:\/\/yoast.com\/product\/yoast-seo-wordpress\/ -->\n<title>Dark maple syrup biologique - Virgin Mady<\/title>\n<meta name=\"description\" content=\"Go\u00fbtez la diff\u00e9rence du sirop d&#039;\u00e9rable biologique et sans gluten. D\u00e9couvrez un monde meilleur dans chaque bouch\u00e9e avec le sirop d&#039;\u00e9rable fonc\u00e9.\" \/>\n<meta name=\"robots\" content=\"index, follow, max-snippet:-1, max-image-preview:large, max-video-preview:-1\" \/>\n<link rel=\"canonical\" href=\"https:\/\/virginmady.com\/en\/product\/dark-maple-syrup\/\" \/>\n<meta property=\"og:locale\" content=\"en_US\" \/>\n<meta property=\"og:type\" content=\"article\" \/>\n<meta property=\"og:title\" content=\"Dark maple syrup biologique - Virgin Mady\" \/>\n<meta property=\"og:description\" content=\"Go\u00fbtez la diff\u00e9rence du sirop d&#039;\u00e9rable biologique et sans gluten. D\u00e9couvrez un monde meilleur dans chaque bouch\u00e9e avec le sirop d&#039;\u00e9rable fonc\u00e9.\" \/>\n<meta property=\"og:url\" content=\"https:\/\/virginmady.com\/en\/product\/dark-maple-syrup\/\" \/>\n<meta property=\"og:site_name\" content=\"Virgin Mady\" \/>\n<meta property=\"article:modified_time\" content=\"2023-01-10T17:44:07+00:00\" \/>\n<meta property=\"og:image\" content=\"https:\/\/virginmady.com\/wp-content\/uploads\/2018\/06\/VM_sirop_fonce\u0301_500ml-2.png\" \/>\n\t<meta property=\"og:image:width\" content=\"450\" \/>\n\t<meta property=\"og:image:height\" content=\"880\" \/>\n\t<meta property=\"og:image:type\" content=\"image\/png\" \/>\n<meta name=\"twitter:card\" content=\"summary_large_image\" \/>\n<meta name=\"twitter:label1\" content=\"Est. reading time\" \/>\n\t<meta name=\"twitter:data1\" content=\"1 minute\" \/>\n<script type=\"application\/ld+json\" class=\"yoast-schema-graph\">{\"@context\":\"https:\/\/schema.org\",\"@graph\":[{\"@type\":\"WebPage\",\"@id\":\"https:\/\/virginmady.com\/en\/product\/dark-maple-syrup\/\",\"url\":\"https:\/\/virginmady.com\/en\/product\/dark-maple-syrup\/\",\"name\":\"Dark maple syrup biologique - Virgin Mady\",\"isPartOf\":{\"@id\":\"https:\/\/virginmady.com\/en\/#website\"},\"primaryImageOfPage\":{\"@id\":\"https:\/\/virginmady.com\/en\/product\/dark-maple-syrup\/#primaryimage\"},\"image\":{\"@id\":\"https:\/\/virginmady.com\/en\/product\/dark-maple-syrup\/#primaryimage\"},\"thumbnailUrl\":\"https:\/\/virginmady.com\/wp-content\/uploads\/2018\/06\/VM_sirop_fonce\u0301_500ml-2.png\",\"datePublished\":\"2018-06-04T13:16:01+00:00\",\"dateModified\":\"2023-01-10T17:44:07+00:00\",\"description\":\"Go\u00fbtez la diff\u00e9rence du sirop d'\u00e9rable biologique et sans gluten. D\u00e9couvrez un monde meilleur dans chaque bouch\u00e9e avec le sirop d'\u00e9rable fonc\u00e9.\",\"breadcrumb\":{\"@id\":\"https:\/\/virginmady.com\/en\/product\/dark-maple-syrup\/#breadcrumb\"},\"inLanguage\":\"en-US\",\"potentialAction\":[{\"@type\":\"ReadAction\",\"target\":[\"https:\/\/virginmady.com\/en\/product\/dark-maple-syrup\/\"]}]},{\"@type\":\"ImageObject\",\"inLanguage\":\"en-US\",\"@id\":\"https:\/\/virginmady.com\/en\/product\/dark-maple-syrup\/#primaryimage\",\"url\":\"https:\/\/virginmady.com\/wp-content\/uploads\/2018\/06\/VM_sirop_fonce\u0301_500ml-2.png\",\"contentUrl\":\"https:\/\/virginmady.com\/wp-content\/uploads\/2018\/06\/VM_sirop_fonce\u0301_500ml-2.png\",\"width\":450,\"height\":880},{\"@type\":\"BreadcrumbList\",\"@id\":\"https:\/\/virginmady.com\/en\/product\/dark-maple-syrup\/#breadcrumb\",\"itemListElement\":[{\"@type\":\"ListItem\",\"position\":1,\"name\":\"Home\",\"item\":\"https:\/\/virginmady.com\/en\/\"},{\"@type\":\"ListItem\",\"position\":2,\"name\":\"Boutique en ligne\",\"item\":\"https:\/\/virginmady.com\/nos-produits\/\"},{\"@type\":\"ListItem\",\"position\":3,\"name\":\"Dark maple syrup\"}]},{\"@type\":\"WebSite\",\"@id\":\"https:\/\/virginmady.com\/en\/#website\",\"url\":\"https:\/\/virginmady.com\/en\/\",\"name\":\"Virgin Mady\",\"description\":\"\",\"potentialAction\":[{\"@type\":\"SearchAction\",\"target\":{\"@type\":\"EntryPoint\",\"urlTemplate\":\"https:\/\/virginmady.com\/en\/?s={search_term_string}\"},\"query-input\":{\"@type\":\"PropertyValueSpecification\",\"valueRequired\":true,\"valueName\":\"search_term_string\"}}],\"inLanguage\":\"en-US\"}]}<\/script>\n<!-- \/ Yoast SEO plugin. -->","yoast_head_json":{"title":"Dark maple syrup biologique - Virgin Mady","description":"Go\u00fbtez la diff\u00e9rence du sirop d'\u00e9rable biologique et sans gluten. D\u00e9couvrez un monde meilleur dans chaque bouch\u00e9e avec le sirop d'\u00e9rable fonc\u00e9.","robots":{"index":"index","follow":"follow","max-snippet":"max-snippet:-1","max-image-preview":"max-image-preview:large","max-video-preview":"max-video-preview:-1"},"canonical":"https:\/\/virginmady.com\/en\/product\/dark-maple-syrup\/","og_locale":"en_US","og_type":"article","og_title":"Dark maple syrup biologique - Virgin Mady","og_description":"Go\u00fbtez la diff\u00e9rence du sirop d'\u00e9rable biologique et sans gluten. D\u00e9couvrez un monde meilleur dans chaque bouch\u00e9e avec le sirop d'\u00e9rable fonc\u00e9.","og_url":"https:\/\/virginmady.com\/en\/product\/dark-maple-syrup\/","og_site_name":"Virgin Mady","article_modified_time":"2023-01-10T17:44:07+00:00","og_image":[{"width":450,"height":880,"url":"https:\/\/virginmady.com\/wp-content\/uploads\/2018\/06\/VM_sirop_fonce\u0301_500ml-2.png","type":"image\/png"}],"twitter_card":"summary_large_image","twitter_misc":{"Est. reading time":"1 minute"},"schema":{"@context":"https:\/\/schema.org","@graph":[{"@type":"WebPage","@id":"https:\/\/virginmady.com\/en\/product\/dark-maple-syrup\/","url":"https:\/\/virginmady.com\/en\/product\/dark-maple-syrup\/","name":"Dark maple syrup biologique - Virgin Mady","isPartOf":{"@id":"https:\/\/virginmady.com\/en\/#website"},"primaryImageOfPage":{"@id":"https:\/\/virginmady.com\/en\/product\/dark-maple-syrup\/#primaryimage"},"image":{"@id":"https:\/\/virginmady.com\/en\/product\/dark-maple-syrup\/#primaryimage"},"thumbnailUrl":"https:\/\/virginmady.com\/wp-content\/uploads\/2018\/06\/VM_sirop_fonce\u0301_500ml-2.png","datePublished":"2018-06-04T13:16:01+00:00","dateModified":"2023-01-10T17:44:07+00:00","description":"Go\u00fbtez la diff\u00e9rence du sirop d'\u00e9rable biologique et sans gluten. D\u00e9couvrez un monde meilleur dans chaque bouch\u00e9e avec le sirop d'\u00e9rable fonc\u00e9.","breadcrumb":{"@id":"https:\/\/virginmady.com\/en\/product\/dark-maple-syrup\/#breadcrumb"},"inLanguage":"en-US","potentialAction":[{"@type":"ReadAction","target":["https:\/\/virginmady.com\/en\/product\/dark-maple-syrup\/"]}]},{"@type":"ImageObject","inLanguage":"en-US","@id":"https:\/\/virginmady.com\/en\/product\/dark-maple-syrup\/#primaryimage","url":"https:\/\/virginmady.com\/wp-content\/uploads\/2018\/06\/VM_sirop_fonce\u0301_500ml-2.png","contentUrl":"https:\/\/virginmady.com\/wp-content\/uploads\/2018\/06\/VM_sirop_fonce\u0301_500ml-2.png","width":450,"height":880},{"@type":"BreadcrumbList","@id":"https:\/\/virginmady.com\/en\/product\/dark-maple-syrup\/#breadcrumb","itemListElement":[{"@type":"ListItem","position":1,"name":"Home","item":"https:\/\/virginmady.com\/en\/"},{"@type":"ListItem","position":2,"name":"Boutique en ligne","item":"https:\/\/virginmady.com\/nos-produits\/"},{"@type":"ListItem","position":3,"name":"Dark maple syrup"}]},{"@type":"WebSite","@id":"https:\/\/virginmady.com\/en\/#website","url":"https:\/\/virginmady.com\/en\/","name":"Virgin Mady","description":"","potentialAction":[{"@type":"SearchAction","target":{"@type":"EntryPoint","urlTemplate":"https:\/\/virginmady.com\/en\/?s={search_term_string}"},"query-input":{"@type":"PropertyValueSpecification","valueRequired":true,"valueName":"search_term_string"}}],"inLanguage":"en-US"}]}},"_links":{"self":[{"href":"https:\/\/virginmady.com\/en\/wp-json\/wp\/v2\/product\/535","targetHints":{"allow":["GET"]}}],"collection":[{"href":"https:\/\/virginmady.com\/en\/wp-json\/wp\/v2\/product"}],"about":[{"href":"https:\/\/virginmady.com\/en\/wp-json\/wp\/v2\/types\/product"}],"replies":[{"embeddable":true,"href":"https:\/\/virginmady.com\/en\/wp-json\/wp\/v2\/comments?post=535"}],"wp:featuredmedia":[{"embeddable":true,"href":"https:\/\/virginmady.com\/en\/wp-json\/wp\/v2\/media\/1035"}],"wp:attachment":[{"href":"https:\/\/virginmady.com\/en\/wp-json\/wp\/v2\/media?parent=535"}],"wp:term":[{"taxonomy":"product_brand","embeddable":true,"href":"https:\/\/virginmady.com\/en\/wp-json\/wp\/v2\/product_brand?post=535"},{"taxonomy":"product_cat","embeddable":true,"href":"https:\/\/virginmady.com\/en\/wp-json\/wp\/v2\/product_cat?post=535"},{"taxonomy":"product_tag","embeddable":true,"href":"https:\/\/virginmady.com\/en\/wp-json\/wp\/v2\/product_tag?post=535"}],"curies":[{"name":"wp","href":"https:\/\/api.w.org\/{rel}","templated":true}]}}