{"id":533,"date":"2018-06-04T09:21:16","date_gmt":"2018-06-04T13:21:16","guid":{"rendered":"https:\/\/virginmady.com\/product\/beurre-derable\/"},"modified":"2023-01-10T12:55:05","modified_gmt":"2023-01-10T17:55:05","slug":"maple-butter","status":"publish","type":"product","link":"https:\/\/virginmady.com\/en\/product\/maple-butter\/","title":{"rendered":"Maple butter"},"content":{"rendered":"<p>Who has never had the pleasure of putting maple butter to their lips? This popular product is a classic of the sugaring season, and much more. It is an essential in our kitchens all year round! In Mady\u2019s maple butter, it\u2019s all about the magic, since maple syrup is the only ingredient!<\/p>\n<p>The characteristics of our syrup stands out and allows us to produce a fine maple butter, unique, creamy&#8230; impossible to resist!<\/p>\n","protected":false},"excerpt":{"rendered":"<p>Who has never had the pleasure of putting maple butter to their lips? This popular product is a classic of the sugaring season, and much more. It is an essential in our kitchens all year round! In Mady\u2019s maple butter, it\u2019s all about the magic, since maple syrup is the only ingredient! The characteristics of&#8230;<\/p>\n","protected":false},"featured_media":5438,"comment_status":"open","ping_status":"closed","template":"","meta":{"_acf_changed":false},"product_brand":[],"product_cat":[25,201],"product_tag":[],"class_list":{"0":"post-533","1":"product","2":"type-product","3":"status-publish","4":"has-post-thumbnail","6":"product_cat-non-classifiee","7":"product_cat-beurre-derable-en","8":"product_shipping_class-standard-en","10":"first","11":"instock","12":"shipping-taxable","13":"purchasable","14":"product-type-variable","15":"has-default-attributes"},"composite_virtual":false,"composite_layout":"","composite_add_to_cart_form_location":"","composite_editable_in_cart":false,"composite_sold_individually_context":"","composite_shop_price_calc":"","composite_components":[],"composite_scenarios":[],"acf":[],"yoast_head":"<!-- This site is optimized with the Yoast SEO plugin v26.8 - https:\/\/yoast.com\/product\/yoast-seo-wordpress\/ -->\n<title>Maple butter biologique - Virgin Mady<\/title>\n<meta name=\"description\" content=\"Go\u00fbtez la diff\u00e9rence du beurre biologique et sans gluten. D\u00e9couvrez un monde meilleur dans chaque bouch\u00e9e avec le beurre d&#039;\u00e9rable.\" \/>\n<meta name=\"robots\" content=\"index, follow, max-snippet:-1, max-image-preview:large, max-video-preview:-1\" \/>\n<link rel=\"canonical\" href=\"https:\/\/virginmady.com\/en\/product\/maple-butter\/\" \/>\n<meta property=\"og:locale\" content=\"en_US\" \/>\n<meta property=\"og:type\" content=\"article\" \/>\n<meta property=\"og:title\" content=\"Maple butter biologique - Virgin Mady\" \/>\n<meta property=\"og:description\" content=\"Go\u00fbtez la diff\u00e9rence du beurre biologique et sans gluten. D\u00e9couvrez un monde meilleur dans chaque bouch\u00e9e avec le beurre d&#039;\u00e9rable.\" \/>\n<meta property=\"og:url\" content=\"https:\/\/virginmady.com\/en\/product\/maple-butter\/\" \/>\n<meta property=\"og:site_name\" content=\"Virgin Mady\" \/>\n<meta property=\"article:modified_time\" content=\"2023-01-10T17:55:05+00:00\" \/>\n<meta property=\"og:image\" content=\"https:\/\/virginmady.com\/wp-content\/uploads\/2018\/06\/VM_beurre_300.jpg\" \/>\n\t<meta property=\"og:image:width\" content=\"450\" \/>\n\t<meta property=\"og:image:height\" content=\"450\" \/>\n\t<meta property=\"og:image:type\" content=\"image\/jpeg\" \/>\n<meta name=\"twitter:card\" content=\"summary_large_image\" \/>\n<meta name=\"twitter:label1\" content=\"Est. reading time\" \/>\n\t<meta name=\"twitter:data1\" content=\"1 minute\" \/>\n<script type=\"application\/ld+json\" class=\"yoast-schema-graph\">{\"@context\":\"https:\/\/schema.org\",\"@graph\":[{\"@type\":\"WebPage\",\"@id\":\"https:\/\/virginmady.com\/en\/product\/maple-butter\/\",\"url\":\"https:\/\/virginmady.com\/en\/product\/maple-butter\/\",\"name\":\"Maple butter biologique - Virgin Mady\",\"isPartOf\":{\"@id\":\"https:\/\/virginmady.com\/en\/#website\"},\"primaryImageOfPage\":{\"@id\":\"https:\/\/virginmady.com\/en\/product\/maple-butter\/#primaryimage\"},\"image\":{\"@id\":\"https:\/\/virginmady.com\/en\/product\/maple-butter\/#primaryimage\"},\"thumbnailUrl\":\"https:\/\/virginmady.com\/wp-content\/uploads\/2018\/06\/VM_beurre_300.jpg\",\"datePublished\":\"2018-06-04T13:21:16+00:00\",\"dateModified\":\"2023-01-10T17:55:05+00:00\",\"description\":\"Go\u00fbtez la diff\u00e9rence du beurre biologique et sans gluten. D\u00e9couvrez un monde meilleur dans chaque bouch\u00e9e avec le beurre d'\u00e9rable.\",\"breadcrumb\":{\"@id\":\"https:\/\/virginmady.com\/en\/product\/maple-butter\/#breadcrumb\"},\"inLanguage\":\"en-US\",\"potentialAction\":[{\"@type\":\"ReadAction\",\"target\":[\"https:\/\/virginmady.com\/en\/product\/maple-butter\/\"]}]},{\"@type\":\"ImageObject\",\"inLanguage\":\"en-US\",\"@id\":\"https:\/\/virginmady.com\/en\/product\/maple-butter\/#primaryimage\",\"url\":\"https:\/\/virginmady.com\/wp-content\/uploads\/2018\/06\/VM_beurre_300.jpg\",\"contentUrl\":\"https:\/\/virginmady.com\/wp-content\/uploads\/2018\/06\/VM_beurre_300.jpg\",\"width\":450,\"height\":450},{\"@type\":\"BreadcrumbList\",\"@id\":\"https:\/\/virginmady.com\/en\/product\/maple-butter\/#breadcrumb\",\"itemListElement\":[{\"@type\":\"ListItem\",\"position\":1,\"name\":\"Home\",\"item\":\"https:\/\/virginmady.com\/en\/\"},{\"@type\":\"ListItem\",\"position\":2,\"name\":\"Boutique en ligne\",\"item\":\"https:\/\/virginmady.com\/nos-produits\/\"},{\"@type\":\"ListItem\",\"position\":3,\"name\":\"Maple butter\"}]},{\"@type\":\"WebSite\",\"@id\":\"https:\/\/virginmady.com\/en\/#website\",\"url\":\"https:\/\/virginmady.com\/en\/\",\"name\":\"Virgin Mady\",\"description\":\"\",\"potentialAction\":[{\"@type\":\"SearchAction\",\"target\":{\"@type\":\"EntryPoint\",\"urlTemplate\":\"https:\/\/virginmady.com\/en\/?s={search_term_string}\"},\"query-input\":{\"@type\":\"PropertyValueSpecification\",\"valueRequired\":true,\"valueName\":\"search_term_string\"}}],\"inLanguage\":\"en-US\"}]}<\/script>\n<!-- \/ Yoast SEO plugin. -->","yoast_head_json":{"title":"Maple butter biologique - Virgin Mady","description":"Go\u00fbtez la diff\u00e9rence du beurre biologique et sans gluten. D\u00e9couvrez un monde meilleur dans chaque bouch\u00e9e avec le beurre d'\u00e9rable.","robots":{"index":"index","follow":"follow","max-snippet":"max-snippet:-1","max-image-preview":"max-image-preview:large","max-video-preview":"max-video-preview:-1"},"canonical":"https:\/\/virginmady.com\/en\/product\/maple-butter\/","og_locale":"en_US","og_type":"article","og_title":"Maple butter biologique - Virgin Mady","og_description":"Go\u00fbtez la diff\u00e9rence du beurre biologique et sans gluten. D\u00e9couvrez un monde meilleur dans chaque bouch\u00e9e avec le beurre d'\u00e9rable.","og_url":"https:\/\/virginmady.com\/en\/product\/maple-butter\/","og_site_name":"Virgin Mady","article_modified_time":"2023-01-10T17:55:05+00:00","og_image":[{"width":450,"height":450,"url":"https:\/\/virginmady.com\/wp-content\/uploads\/2018\/06\/VM_beurre_300.jpg","type":"image\/jpeg"}],"twitter_card":"summary_large_image","twitter_misc":{"Est. reading time":"1 minute"},"schema":{"@context":"https:\/\/schema.org","@graph":[{"@type":"WebPage","@id":"https:\/\/virginmady.com\/en\/product\/maple-butter\/","url":"https:\/\/virginmady.com\/en\/product\/maple-butter\/","name":"Maple butter biologique - Virgin Mady","isPartOf":{"@id":"https:\/\/virginmady.com\/en\/#website"},"primaryImageOfPage":{"@id":"https:\/\/virginmady.com\/en\/product\/maple-butter\/#primaryimage"},"image":{"@id":"https:\/\/virginmady.com\/en\/product\/maple-butter\/#primaryimage"},"thumbnailUrl":"https:\/\/virginmady.com\/wp-content\/uploads\/2018\/06\/VM_beurre_300.jpg","datePublished":"2018-06-04T13:21:16+00:00","dateModified":"2023-01-10T17:55:05+00:00","description":"Go\u00fbtez la diff\u00e9rence du beurre biologique et sans gluten. D\u00e9couvrez un monde meilleur dans chaque bouch\u00e9e avec le beurre d'\u00e9rable.","breadcrumb":{"@id":"https:\/\/virginmady.com\/en\/product\/maple-butter\/#breadcrumb"},"inLanguage":"en-US","potentialAction":[{"@type":"ReadAction","target":["https:\/\/virginmady.com\/en\/product\/maple-butter\/"]}]},{"@type":"ImageObject","inLanguage":"en-US","@id":"https:\/\/virginmady.com\/en\/product\/maple-butter\/#primaryimage","url":"https:\/\/virginmady.com\/wp-content\/uploads\/2018\/06\/VM_beurre_300.jpg","contentUrl":"https:\/\/virginmady.com\/wp-content\/uploads\/2018\/06\/VM_beurre_300.jpg","width":450,"height":450},{"@type":"BreadcrumbList","@id":"https:\/\/virginmady.com\/en\/product\/maple-butter\/#breadcrumb","itemListElement":[{"@type":"ListItem","position":1,"name":"Home","item":"https:\/\/virginmady.com\/en\/"},{"@type":"ListItem","position":2,"name":"Boutique en ligne","item":"https:\/\/virginmady.com\/nos-produits\/"},{"@type":"ListItem","position":3,"name":"Maple butter"}]},{"@type":"WebSite","@id":"https:\/\/virginmady.com\/en\/#website","url":"https:\/\/virginmady.com\/en\/","name":"Virgin Mady","description":"","potentialAction":[{"@type":"SearchAction","target":{"@type":"EntryPoint","urlTemplate":"https:\/\/virginmady.com\/en\/?s={search_term_string}"},"query-input":{"@type":"PropertyValueSpecification","valueRequired":true,"valueName":"search_term_string"}}],"inLanguage":"en-US"}]}},"_links":{"self":[{"href":"https:\/\/virginmady.com\/en\/wp-json\/wp\/v2\/product\/533","targetHints":{"allow":["GET"]}}],"collection":[{"href":"https:\/\/virginmady.com\/en\/wp-json\/wp\/v2\/product"}],"about":[{"href":"https:\/\/virginmady.com\/en\/wp-json\/wp\/v2\/types\/product"}],"replies":[{"embeddable":true,"href":"https:\/\/virginmady.com\/en\/wp-json\/wp\/v2\/comments?post=533"}],"wp:featuredmedia":[{"embeddable":true,"href":"https:\/\/virginmady.com\/en\/wp-json\/wp\/v2\/media\/5438"}],"wp:attachment":[{"href":"https:\/\/virginmady.com\/en\/wp-json\/wp\/v2\/media?parent=533"}],"wp:term":[{"taxonomy":"product_brand","embeddable":true,"href":"https:\/\/virginmady.com\/en\/wp-json\/wp\/v2\/product_brand?post=533"},{"taxonomy":"product_cat","embeddable":true,"href":"https:\/\/virginmady.com\/en\/wp-json\/wp\/v2\/product_cat?post=533"},{"taxonomy":"product_tag","embeddable":true,"href":"https:\/\/virginmady.com\/en\/wp-json\/wp\/v2\/product_tag?post=533"}],"curies":[{"name":"wp","href":"https:\/\/api.w.org\/{rel}","templated":true}]}}