{"id":1303,"date":"2020-11-26T08:32:01","date_gmt":"2020-11-26T13:32:01","guid":{"rendered":"https:\/\/virginmady.com\/product\/sirop-derable-biologique-infuse-aux-grains-de-cafe\/"},"modified":"2024-09-06T13:42:43","modified_gmt":"2024-09-06T17:42:43","slug":"sirop-derable-biologique-infuse-aux-grains-de-cafe","status":"publish","type":"product","link":"https:\/\/virginmady.com\/en\/product\/sirop-derable-biologique-infuse-aux-grains-de-cafe\/","title":{"rendered":"Organic Maple Syrup Infused with Coffee Beans"},"content":{"rendered":"<p>A unique product in Canada which is already the talk of the town! We\u2019ve selected the best organic and fair trade coffee beans to match the complexity of our maple syrup. They are then roasted not far from our sugar shack. A slow infusion creates a perfect balance that will appeal to all coffee and mocha lovers!<\/p>\n","protected":false},"excerpt":{"rendered":"<p>A unique product in Canada which is already the talk of the town! We\u2019ve selected the best organic and fair trade coffee beans to match the complexity of our maple syrup. They are then roasted not far from our sugar shack. A slow infusion creates a perfect balance that will appeal to all coffee and&#8230;<\/p>\n","protected":false},"featured_media":1491,"comment_status":"closed","ping_status":"closed","template":"","meta":{"_acf_changed":false},"product_brand":[],"product_cat":[25,141],"product_tag":[],"class_list":{"0":"post-1303","1":"product","2":"type-product","3":"status-publish","4":"has-post-thumbnail","6":"product_cat-non-classifiee","7":"product_cat-maple-syrups","8":"product_shipping_class-standard-en","10":"first","11":"instock","12":"shipping-taxable","13":"purchasable","14":"product-type-simple"},"composite_virtual":false,"composite_layout":"","composite_add_to_cart_form_location":"","composite_editable_in_cart":false,"composite_sold_individually_context":"","composite_shop_price_calc":"","composite_components":[],"composite_scenarios":[],"acf":[],"yoast_head":"<!-- This site is optimized with the Yoast SEO plugin v26.8 - https:\/\/yoast.com\/product\/yoast-seo-wordpress\/ -->\n<title>Organic Maple Syrup Infused with Coffee Beans - Virgin Mady<\/title>\n<meta name=\"robots\" content=\"index, follow, max-snippet:-1, max-image-preview:large, max-video-preview:-1\" \/>\n<link rel=\"canonical\" href=\"https:\/\/virginmady.com\/en\/product\/sirop-derable-biologique-infuse-aux-grains-de-cafe\/\" \/>\n<meta property=\"og:locale\" content=\"en_US\" \/>\n<meta property=\"og:type\" content=\"article\" \/>\n<meta property=\"og:title\" content=\"Organic Maple Syrup Infused with Coffee Beans - Virgin Mady\" \/>\n<meta property=\"og:description\" content=\"A unique product in Canada which is already the talk of the town! We\u2019ve selected the best organic and fair trade coffee beans to match the complexity of our maple syrup. They are then roasted not far from our sugar shack. A slow infusion creates a perfect balance that will appeal to all coffee and...\" \/>\n<meta property=\"og:url\" content=\"https:\/\/virginmady.com\/en\/product\/sirop-derable-biologique-infuse-aux-grains-de-cafe\/\" \/>\n<meta property=\"og:site_name\" content=\"Virgin Mady\" \/>\n<meta property=\"article:modified_time\" content=\"2024-09-06T17:42:43+00:00\" \/>\n<meta property=\"og:image\" content=\"http:\/\/virginmady.com\/wp-content\/uploads\/2020\/11\/VM_sirop_cafe.jpg\" \/>\n\t<meta property=\"og:image:width\" content=\"450\" \/>\n\t<meta property=\"og:image:height\" content=\"920\" \/>\n\t<meta property=\"og:image:type\" content=\"image\/jpeg\" \/>\n<meta name=\"twitter:card\" content=\"summary_large_image\" \/>\n<meta name=\"twitter:label1\" content=\"Est. reading time\" \/>\n\t<meta name=\"twitter:data1\" content=\"1 minute\" \/>\n<script type=\"application\/ld+json\" class=\"yoast-schema-graph\">{\"@context\":\"https:\/\/schema.org\",\"@graph\":[{\"@type\":\"WebPage\",\"@id\":\"https:\/\/virginmady.com\/en\/product\/sirop-derable-biologique-infuse-aux-grains-de-cafe\/\",\"url\":\"https:\/\/virginmady.com\/en\/product\/sirop-derable-biologique-infuse-aux-grains-de-cafe\/\",\"name\":\"Organic Maple Syrup Infused with Coffee Beans - Virgin Mady\",\"isPartOf\":{\"@id\":\"https:\/\/virginmady.com\/en\/#website\"},\"primaryImageOfPage\":{\"@id\":\"https:\/\/virginmady.com\/en\/product\/sirop-derable-biologique-infuse-aux-grains-de-cafe\/#primaryimage\"},\"image\":{\"@id\":\"https:\/\/virginmady.com\/en\/product\/sirop-derable-biologique-infuse-aux-grains-de-cafe\/#primaryimage\"},\"thumbnailUrl\":\"https:\/\/virginmady.com\/wp-content\/uploads\/2020\/11\/VM_sirop_cafe.jpg\",\"datePublished\":\"2020-11-26T13:32:01+00:00\",\"dateModified\":\"2024-09-06T17:42:43+00:00\",\"breadcrumb\":{\"@id\":\"https:\/\/virginmady.com\/en\/product\/sirop-derable-biologique-infuse-aux-grains-de-cafe\/#breadcrumb\"},\"inLanguage\":\"en-US\",\"potentialAction\":[{\"@type\":\"ReadAction\",\"target\":[\"https:\/\/virginmady.com\/en\/product\/sirop-derable-biologique-infuse-aux-grains-de-cafe\/\"]}]},{\"@type\":\"ImageObject\",\"inLanguage\":\"en-US\",\"@id\":\"https:\/\/virginmady.com\/en\/product\/sirop-derable-biologique-infuse-aux-grains-de-cafe\/#primaryimage\",\"url\":\"https:\/\/virginmady.com\/wp-content\/uploads\/2020\/11\/VM_sirop_cafe.jpg\",\"contentUrl\":\"https:\/\/virginmady.com\/wp-content\/uploads\/2020\/11\/VM_sirop_cafe.jpg\",\"width\":450,\"height\":920,\"caption\":\"Sirop d'\u00e9rable biologique infus\u00e9 aux grains de caf\u00e9\"},{\"@type\":\"BreadcrumbList\",\"@id\":\"https:\/\/virginmady.com\/en\/product\/sirop-derable-biologique-infuse-aux-grains-de-cafe\/#breadcrumb\",\"itemListElement\":[{\"@type\":\"ListItem\",\"position\":1,\"name\":\"Home\",\"item\":\"https:\/\/virginmady.com\/en\/\"},{\"@type\":\"ListItem\",\"position\":2,\"name\":\"Boutique en ligne\",\"item\":\"https:\/\/virginmady.com\/nos-produits\/\"},{\"@type\":\"ListItem\",\"position\":3,\"name\":\"Organic Maple Syrup Infused with Coffee Beans\"}]},{\"@type\":\"WebSite\",\"@id\":\"https:\/\/virginmady.com\/en\/#website\",\"url\":\"https:\/\/virginmady.com\/en\/\",\"name\":\"Virgin Mady\",\"description\":\"\",\"potentialAction\":[{\"@type\":\"SearchAction\",\"target\":{\"@type\":\"EntryPoint\",\"urlTemplate\":\"https:\/\/virginmady.com\/en\/?s={search_term_string}\"},\"query-input\":{\"@type\":\"PropertyValueSpecification\",\"valueRequired\":true,\"valueName\":\"search_term_string\"}}],\"inLanguage\":\"en-US\"}]}<\/script>\n<!-- \/ Yoast SEO plugin. -->","yoast_head_json":{"title":"Organic Maple Syrup Infused with Coffee Beans - Virgin Mady","robots":{"index":"index","follow":"follow","max-snippet":"max-snippet:-1","max-image-preview":"max-image-preview:large","max-video-preview":"max-video-preview:-1"},"canonical":"https:\/\/virginmady.com\/en\/product\/sirop-derable-biologique-infuse-aux-grains-de-cafe\/","og_locale":"en_US","og_type":"article","og_title":"Organic Maple Syrup Infused with Coffee Beans - Virgin Mady","og_description":"A unique product in Canada which is already the talk of the town! We\u2019ve selected the best organic and fair trade coffee beans to match the complexity of our maple syrup. They are then roasted not far from our sugar shack. A slow infusion creates a perfect balance that will appeal to all coffee and...","og_url":"https:\/\/virginmady.com\/en\/product\/sirop-derable-biologique-infuse-aux-grains-de-cafe\/","og_site_name":"Virgin Mady","article_modified_time":"2024-09-06T17:42:43+00:00","og_image":[{"width":450,"height":920,"url":"http:\/\/virginmady.com\/wp-content\/uploads\/2020\/11\/VM_sirop_cafe.jpg","type":"image\/jpeg"}],"twitter_card":"summary_large_image","twitter_misc":{"Est. reading time":"1 minute"},"schema":{"@context":"https:\/\/schema.org","@graph":[{"@type":"WebPage","@id":"https:\/\/virginmady.com\/en\/product\/sirop-derable-biologique-infuse-aux-grains-de-cafe\/","url":"https:\/\/virginmady.com\/en\/product\/sirop-derable-biologique-infuse-aux-grains-de-cafe\/","name":"Organic Maple Syrup Infused with Coffee Beans - Virgin Mady","isPartOf":{"@id":"https:\/\/virginmady.com\/en\/#website"},"primaryImageOfPage":{"@id":"https:\/\/virginmady.com\/en\/product\/sirop-derable-biologique-infuse-aux-grains-de-cafe\/#primaryimage"},"image":{"@id":"https:\/\/virginmady.com\/en\/product\/sirop-derable-biologique-infuse-aux-grains-de-cafe\/#primaryimage"},"thumbnailUrl":"https:\/\/virginmady.com\/wp-content\/uploads\/2020\/11\/VM_sirop_cafe.jpg","datePublished":"2020-11-26T13:32:01+00:00","dateModified":"2024-09-06T17:42:43+00:00","breadcrumb":{"@id":"https:\/\/virginmady.com\/en\/product\/sirop-derable-biologique-infuse-aux-grains-de-cafe\/#breadcrumb"},"inLanguage":"en-US","potentialAction":[{"@type":"ReadAction","target":["https:\/\/virginmady.com\/en\/product\/sirop-derable-biologique-infuse-aux-grains-de-cafe\/"]}]},{"@type":"ImageObject","inLanguage":"en-US","@id":"https:\/\/virginmady.com\/en\/product\/sirop-derable-biologique-infuse-aux-grains-de-cafe\/#primaryimage","url":"https:\/\/virginmady.com\/wp-content\/uploads\/2020\/11\/VM_sirop_cafe.jpg","contentUrl":"https:\/\/virginmady.com\/wp-content\/uploads\/2020\/11\/VM_sirop_cafe.jpg","width":450,"height":920,"caption":"Sirop d'\u00e9rable biologique infus\u00e9 aux grains de caf\u00e9"},{"@type":"BreadcrumbList","@id":"https:\/\/virginmady.com\/en\/product\/sirop-derable-biologique-infuse-aux-grains-de-cafe\/#breadcrumb","itemListElement":[{"@type":"ListItem","position":1,"name":"Home","item":"https:\/\/virginmady.com\/en\/"},{"@type":"ListItem","position":2,"name":"Boutique en ligne","item":"https:\/\/virginmady.com\/nos-produits\/"},{"@type":"ListItem","position":3,"name":"Organic Maple Syrup Infused with Coffee Beans"}]},{"@type":"WebSite","@id":"https:\/\/virginmady.com\/en\/#website","url":"https:\/\/virginmady.com\/en\/","name":"Virgin Mady","description":"","potentialAction":[{"@type":"SearchAction","target":{"@type":"EntryPoint","urlTemplate":"https:\/\/virginmady.com\/en\/?s={search_term_string}"},"query-input":{"@type":"PropertyValueSpecification","valueRequired":true,"valueName":"search_term_string"}}],"inLanguage":"en-US"}]}},"_links":{"self":[{"href":"https:\/\/virginmady.com\/en\/wp-json\/wp\/v2\/product\/1303","targetHints":{"allow":["GET"]}}],"collection":[{"href":"https:\/\/virginmady.com\/en\/wp-json\/wp\/v2\/product"}],"about":[{"href":"https:\/\/virginmady.com\/en\/wp-json\/wp\/v2\/types\/product"}],"replies":[{"embeddable":true,"href":"https:\/\/virginmady.com\/en\/wp-json\/wp\/v2\/comments?post=1303"}],"wp:featuredmedia":[{"embeddable":true,"href":"https:\/\/virginmady.com\/en\/wp-json\/wp\/v2\/media\/1491"}],"wp:attachment":[{"href":"https:\/\/virginmady.com\/en\/wp-json\/wp\/v2\/media?parent=1303"}],"wp:term":[{"taxonomy":"product_brand","embeddable":true,"href":"https:\/\/virginmady.com\/en\/wp-json\/wp\/v2\/product_brand?post=1303"},{"taxonomy":"product_cat","embeddable":true,"href":"https:\/\/virginmady.com\/en\/wp-json\/wp\/v2\/product_cat?post=1303"},{"taxonomy":"product_tag","embeddable":true,"href":"https:\/\/virginmady.com\/en\/wp-json\/wp\/v2\/product_tag?post=1303"}],"curies":[{"name":"wp","href":"https:\/\/api.w.org\/{rel}","templated":true}]}}