{"id":11429,"date":"2021-11-15T13:56:44","date_gmt":"2021-11-15T18:56:44","guid":{"rendered":"https:\/\/virginmady.com\/product\/beurres-et-gelee-derable-biologiques-coffret-gourmand\/"},"modified":"2023-09-11T10:47:32","modified_gmt":"2023-09-11T14:47:32","slug":"organic-maple-butter-jelly-gourmet-box","status":"publish","type":"product","link":"https:\/\/virginmady.com\/en\/product\/organic-maple-butter-jelly-gourmet-box\/","title":{"rendered":"Organic maple butter and jelly \u2013 Gourmet box"},"content":{"rendered":"<h3 class=\"p1\"><b>Rediscover maple products<br \/>\n<\/b><\/h3>\n<p class=\"p1\">The perfect experience to discover our unique maple butters and jellies. Created from our organic maple syrup, they have won several awards. Our butters and jellies are still made by hand, in the sugarhouse following Mady&#8217;s tradition. This tasting set includes three products: traditional maple butter, Himalayan salt maple butter and maple jelly.<\/p>\n<p><em><strong>The perfect hostess gift!<br \/>\n<\/strong><\/em><\/p>\n<h6>*Image indicative only, packaging decoration may vary.<\/h6>\n","protected":false},"excerpt":{"rendered":"<p>Rediscover maple products The perfect experience to discover our unique maple butters and jellies. Created from our organic maple syrup, they have won several awards. Our butters and jellies are still made by hand, in the sugarhouse following Mady&#8217;s tradition. This tasting set includes three products: traditional maple butter, Himalayan salt maple butter and maple&#8230;<\/p>\n","protected":false},"featured_media":5410,"comment_status":"open","ping_status":"closed","template":"","meta":{"_acf_changed":false},"product_brand":[],"product_cat":[142],"product_tag":[],"class_list":{"0":"post-11429","1":"product","2":"type-product","3":"status-publish","4":"has-post-thumbnail","6":"product_cat-cases-and-boxes","7":"product_shipping_class-standard-en","9":"first","10":"instock","11":"shipping-taxable","12":"purchasable","13":"product-type-variable"},"composite_virtual":false,"composite_layout":"","composite_add_to_cart_form_location":"","composite_editable_in_cart":false,"composite_sold_individually_context":"","composite_shop_price_calc":"","composite_components":[],"composite_scenarios":[],"acf":[],"yoast_head":"<!-- This site is optimized with the Yoast SEO plugin v26.8 - https:\/\/yoast.com\/product\/yoast-seo-wordpress\/ -->\n<title>Organic maple butter and jelly \u2013 Gourmet box biologique - Virgin Mady<\/title>\n<meta name=\"description\" content=\"Go\u00fbtez la diff\u00e9rence du beurre biologique et sans gluten. D\u00e9couvrez un monde meilleur dans chaque bouch\u00e9e avec le beurre d&#039;\u00e9rable.\" \/>\n<meta name=\"robots\" content=\"index, follow, max-snippet:-1, max-image-preview:large, max-video-preview:-1\" \/>\n<link rel=\"canonical\" href=\"https:\/\/virginmady.com\/en\/product\/organic-maple-butter-jelly-gourmet-box\/\" \/>\n<meta property=\"og:locale\" content=\"en_US\" \/>\n<meta property=\"og:type\" content=\"article\" \/>\n<meta property=\"og:title\" content=\"Organic maple butter and jelly \u2013 Gourmet box biologique - Virgin Mady\" \/>\n<meta property=\"og:description\" content=\"Go\u00fbtez la diff\u00e9rence du beurre biologique et sans gluten. D\u00e9couvrez un monde meilleur dans chaque bouch\u00e9e avec le beurre d&#039;\u00e9rable.\" \/>\n<meta property=\"og:url\" content=\"https:\/\/virginmady.com\/en\/product\/organic-maple-butter-jelly-gourmet-box\/\" \/>\n<meta property=\"og:site_name\" content=\"Virgin Mady\" \/>\n<meta property=\"article:modified_time\" content=\"2023-09-11T14:47:32+00:00\" \/>\n<meta property=\"og:image\" content=\"https:\/\/virginmady.com\/wp-content\/uploads\/2021\/11\/virgin-mady-produits-600x600-beurre-erable-3-150g-scaled.jpg\" \/>\n\t<meta property=\"og:image:width\" content=\"2560\" \/>\n\t<meta property=\"og:image:height\" content=\"2560\" \/>\n\t<meta property=\"og:image:type\" content=\"image\/jpeg\" \/>\n<meta name=\"twitter:card\" content=\"summary_large_image\" \/>\n<script type=\"application\/ld+json\" class=\"yoast-schema-graph\">{\"@context\":\"https:\/\/schema.org\",\"@graph\":[{\"@type\":\"WebPage\",\"@id\":\"https:\/\/virginmady.com\/en\/product\/organic-maple-butter-jelly-gourmet-box\/\",\"url\":\"https:\/\/virginmady.com\/en\/product\/organic-maple-butter-jelly-gourmet-box\/\",\"name\":\"Organic maple butter and jelly \u2013 Gourmet box biologique - Virgin Mady\",\"isPartOf\":{\"@id\":\"https:\/\/virginmady.com\/en\/#website\"},\"primaryImageOfPage\":{\"@id\":\"https:\/\/virginmady.com\/en\/product\/organic-maple-butter-jelly-gourmet-box\/#primaryimage\"},\"image\":{\"@id\":\"https:\/\/virginmady.com\/en\/product\/organic-maple-butter-jelly-gourmet-box\/#primaryimage\"},\"thumbnailUrl\":\"https:\/\/virginmady.com\/wp-content\/uploads\/2021\/11\/virgin-mady-produits-600x600-beurre-erable-3-150g-scaled.jpg\",\"datePublished\":\"2021-11-15T18:56:44+00:00\",\"dateModified\":\"2023-09-11T14:47:32+00:00\",\"description\":\"Go\u00fbtez la diff\u00e9rence du beurre biologique et sans gluten. D\u00e9couvrez un monde meilleur dans chaque bouch\u00e9e avec le beurre d'\u00e9rable.\",\"breadcrumb\":{\"@id\":\"https:\/\/virginmady.com\/en\/product\/organic-maple-butter-jelly-gourmet-box\/#breadcrumb\"},\"inLanguage\":\"en-US\",\"potentialAction\":[{\"@type\":\"ReadAction\",\"target\":[\"https:\/\/virginmady.com\/en\/product\/organic-maple-butter-jelly-gourmet-box\/\"]}]},{\"@type\":\"ImageObject\",\"inLanguage\":\"en-US\",\"@id\":\"https:\/\/virginmady.com\/en\/product\/organic-maple-butter-jelly-gourmet-box\/#primaryimage\",\"url\":\"https:\/\/virginmady.com\/wp-content\/uploads\/2021\/11\/virgin-mady-produits-600x600-beurre-erable-3-150g-scaled.jpg\",\"contentUrl\":\"https:\/\/virginmady.com\/wp-content\/uploads\/2021\/11\/virgin-mady-produits-600x600-beurre-erable-3-150g-scaled.jpg\",\"width\":2560,\"height\":2560},{\"@type\":\"BreadcrumbList\",\"@id\":\"https:\/\/virginmady.com\/en\/product\/organic-maple-butter-jelly-gourmet-box\/#breadcrumb\",\"itemListElement\":[{\"@type\":\"ListItem\",\"position\":1,\"name\":\"Home\",\"item\":\"https:\/\/virginmady.com\/en\/\"},{\"@type\":\"ListItem\",\"position\":2,\"name\":\"Boutique en ligne\",\"item\":\"https:\/\/virginmady.com\/nos-produits\/\"},{\"@type\":\"ListItem\",\"position\":3,\"name\":\"Organic maple butter and jelly \u2013 Gourmet box\"}]},{\"@type\":\"WebSite\",\"@id\":\"https:\/\/virginmady.com\/en\/#website\",\"url\":\"https:\/\/virginmady.com\/en\/\",\"name\":\"Virgin Mady\",\"description\":\"\",\"potentialAction\":[{\"@type\":\"SearchAction\",\"target\":{\"@type\":\"EntryPoint\",\"urlTemplate\":\"https:\/\/virginmady.com\/en\/?s={search_term_string}\"},\"query-input\":{\"@type\":\"PropertyValueSpecification\",\"valueRequired\":true,\"valueName\":\"search_term_string\"}}],\"inLanguage\":\"en-US\"}]}<\/script>\n<!-- \/ Yoast SEO plugin. -->","yoast_head_json":{"title":"Organic maple butter and jelly \u2013 Gourmet box biologique - Virgin Mady","description":"Go\u00fbtez la diff\u00e9rence du beurre biologique et sans gluten. D\u00e9couvrez un monde meilleur dans chaque bouch\u00e9e avec le beurre d'\u00e9rable.","robots":{"index":"index","follow":"follow","max-snippet":"max-snippet:-1","max-image-preview":"max-image-preview:large","max-video-preview":"max-video-preview:-1"},"canonical":"https:\/\/virginmady.com\/en\/product\/organic-maple-butter-jelly-gourmet-box\/","og_locale":"en_US","og_type":"article","og_title":"Organic maple butter and jelly \u2013 Gourmet box biologique - Virgin Mady","og_description":"Go\u00fbtez la diff\u00e9rence du beurre biologique et sans gluten. D\u00e9couvrez un monde meilleur dans chaque bouch\u00e9e avec le beurre d'\u00e9rable.","og_url":"https:\/\/virginmady.com\/en\/product\/organic-maple-butter-jelly-gourmet-box\/","og_site_name":"Virgin Mady","article_modified_time":"2023-09-11T14:47:32+00:00","og_image":[{"width":2560,"height":2560,"url":"https:\/\/virginmady.com\/wp-content\/uploads\/2021\/11\/virgin-mady-produits-600x600-beurre-erable-3-150g-scaled.jpg","type":"image\/jpeg"}],"twitter_card":"summary_large_image","schema":{"@context":"https:\/\/schema.org","@graph":[{"@type":"WebPage","@id":"https:\/\/virginmady.com\/en\/product\/organic-maple-butter-jelly-gourmet-box\/","url":"https:\/\/virginmady.com\/en\/product\/organic-maple-butter-jelly-gourmet-box\/","name":"Organic maple butter and jelly \u2013 Gourmet box biologique - Virgin Mady","isPartOf":{"@id":"https:\/\/virginmady.com\/en\/#website"},"primaryImageOfPage":{"@id":"https:\/\/virginmady.com\/en\/product\/organic-maple-butter-jelly-gourmet-box\/#primaryimage"},"image":{"@id":"https:\/\/virginmady.com\/en\/product\/organic-maple-butter-jelly-gourmet-box\/#primaryimage"},"thumbnailUrl":"https:\/\/virginmady.com\/wp-content\/uploads\/2021\/11\/virgin-mady-produits-600x600-beurre-erable-3-150g-scaled.jpg","datePublished":"2021-11-15T18:56:44+00:00","dateModified":"2023-09-11T14:47:32+00:00","description":"Go\u00fbtez la diff\u00e9rence du beurre biologique et sans gluten. D\u00e9couvrez un monde meilleur dans chaque bouch\u00e9e avec le beurre d'\u00e9rable.","breadcrumb":{"@id":"https:\/\/virginmady.com\/en\/product\/organic-maple-butter-jelly-gourmet-box\/#breadcrumb"},"inLanguage":"en-US","potentialAction":[{"@type":"ReadAction","target":["https:\/\/virginmady.com\/en\/product\/organic-maple-butter-jelly-gourmet-box\/"]}]},{"@type":"ImageObject","inLanguage":"en-US","@id":"https:\/\/virginmady.com\/en\/product\/organic-maple-butter-jelly-gourmet-box\/#primaryimage","url":"https:\/\/virginmady.com\/wp-content\/uploads\/2021\/11\/virgin-mady-produits-600x600-beurre-erable-3-150g-scaled.jpg","contentUrl":"https:\/\/virginmady.com\/wp-content\/uploads\/2021\/11\/virgin-mady-produits-600x600-beurre-erable-3-150g-scaled.jpg","width":2560,"height":2560},{"@type":"BreadcrumbList","@id":"https:\/\/virginmady.com\/en\/product\/organic-maple-butter-jelly-gourmet-box\/#breadcrumb","itemListElement":[{"@type":"ListItem","position":1,"name":"Home","item":"https:\/\/virginmady.com\/en\/"},{"@type":"ListItem","position":2,"name":"Boutique en ligne","item":"https:\/\/virginmady.com\/nos-produits\/"},{"@type":"ListItem","position":3,"name":"Organic maple butter and jelly \u2013 Gourmet box"}]},{"@type":"WebSite","@id":"https:\/\/virginmady.com\/en\/#website","url":"https:\/\/virginmady.com\/en\/","name":"Virgin Mady","description":"","potentialAction":[{"@type":"SearchAction","target":{"@type":"EntryPoint","urlTemplate":"https:\/\/virginmady.com\/en\/?s={search_term_string}"},"query-input":{"@type":"PropertyValueSpecification","valueRequired":true,"valueName":"search_term_string"}}],"inLanguage":"en-US"}]}},"_links":{"self":[{"href":"https:\/\/virginmady.com\/en\/wp-json\/wp\/v2\/product\/11429","targetHints":{"allow":["GET"]}}],"collection":[{"href":"https:\/\/virginmady.com\/en\/wp-json\/wp\/v2\/product"}],"about":[{"href":"https:\/\/virginmady.com\/en\/wp-json\/wp\/v2\/types\/product"}],"replies":[{"embeddable":true,"href":"https:\/\/virginmady.com\/en\/wp-json\/wp\/v2\/comments?post=11429"}],"wp:featuredmedia":[{"embeddable":true,"href":"https:\/\/virginmady.com\/en\/wp-json\/wp\/v2\/media\/5410"}],"wp:attachment":[{"href":"https:\/\/virginmady.com\/en\/wp-json\/wp\/v2\/media?parent=11429"}],"wp:term":[{"taxonomy":"product_brand","embeddable":true,"href":"https:\/\/virginmady.com\/en\/wp-json\/wp\/v2\/product_brand?post=11429"},{"taxonomy":"product_cat","embeddable":true,"href":"https:\/\/virginmady.com\/en\/wp-json\/wp\/v2\/product_cat?post=11429"},{"taxonomy":"product_tag","embeddable":true,"href":"https:\/\/virginmady.com\/en\/wp-json\/wp\/v2\/product_tag?post=11429"}],"curies":[{"name":"wp","href":"https:\/\/api.w.org\/{rel}","templated":true}]}}