{"id":11423,"date":"2020-07-02T16:34:51","date_gmt":"2020-07-02T20:34:51","guid":{"rendered":"https:\/\/virginmady.com\/product\/coffret-degustation\/"},"modified":"2024-04-04T08:56:19","modified_gmt":"2024-04-04T12:56:19","slug":"organic-maple-butters-sampler","status":"publish","type":"product","link":"https:\/\/virginmady.com\/en\/product\/organic-maple-butters-sampler\/","title":{"rendered":"ORGANIC MAPLE BUTTERS &#038; JELLY \u2013 SAMPLER"},"content":{"rendered":"","protected":false},"excerpt":{"rendered":"<h3 class=\"p1\"><b>Rediscover maple products<br \/><\/b><\/h3>\n<p class=\"p1\">The perfect experience to discover our unique maple butters. Our butters are still made by hand, in the sugarhouse, following Mady&#8217;s tradition. This tasting box includes three products: traditional maple butter (75g), Himalayan salt maple butter (75g) and coffee bean-infused maple butter (75g).<\/p>\n<p><strong><em>The perfect hostess gift!<br \/><\/em><\/strong><\/p>\n<h6>*Image indicative only, packaging decoration may vary.<\/h6>\n","protected":false},"featured_media":5419,"comment_status":"open","ping_status":"closed","template":"","meta":{"_acf_changed":false},"product_brand":[],"product_cat":[214],"product_tag":[],"class_list":{"0":"post-11423","1":"product","2":"type-product","3":"status-publish","4":"has-post-thumbnail","6":"product_cat-coffrets-et-boites-se-en","7":"product_shipping_class-standard-en","9":"first","10":"instock","11":"shipping-taxable","12":"purchasable","13":"product-type-variable"},"composite_virtual":false,"composite_layout":"","composite_add_to_cart_form_location":"","composite_editable_in_cart":false,"composite_sold_individually_context":"","composite_shop_price_calc":"","composite_components":[],"composite_scenarios":[],"acf":[],"yoast_head":"<!-- This site is optimized with the Yoast SEO plugin v26.8 - https:\/\/yoast.com\/product\/yoast-seo-wordpress\/ -->\n<title>ORGANIC MAPLE BUTTERS &#038; JELLY \u2013 SAMPLER biologique - Virgin Mady<\/title>\n<meta name=\"description\" content=\"Go\u00fbtez la diff\u00e9rence du beurre biologique et sans gluten. D\u00e9couvrez un monde meilleur dans chaque bouch\u00e9e avec le beurre d&#039;\u00e9rable.\" \/>\n<meta name=\"robots\" content=\"index, follow, max-snippet:-1, max-image-preview:large, max-video-preview:-1\" \/>\n<link rel=\"canonical\" href=\"https:\/\/virginmady.com\/en\/product\/organic-maple-butters-sampler\/\" \/>\n<meta property=\"og:locale\" content=\"en_US\" \/>\n<meta property=\"og:type\" content=\"article\" \/>\n<meta property=\"og:title\" content=\"ORGANIC MAPLE BUTTERS &#038; JELLY \u2013 SAMPLER biologique - Virgin Mady\" \/>\n<meta property=\"og:description\" content=\"Go\u00fbtez la diff\u00e9rence du beurre biologique et sans gluten. D\u00e9couvrez un monde meilleur dans chaque bouch\u00e9e avec le beurre d&#039;\u00e9rable.\" \/>\n<meta property=\"og:url\" content=\"https:\/\/virginmady.com\/en\/product\/organic-maple-butters-sampler\/\" \/>\n<meta property=\"og:site_name\" content=\"Virgin Mady\" \/>\n<meta property=\"article:modified_time\" content=\"2024-04-04T12:56:19+00:00\" \/>\n<meta property=\"og:image\" content=\"https:\/\/virginmady.com\/wp-content\/uploads\/2020\/07\/virgin-mady-produits-600x600-beurre-erable-3-75g-scaled.jpg\" \/>\n\t<meta property=\"og:image:width\" content=\"2560\" \/>\n\t<meta property=\"og:image:height\" content=\"2560\" \/>\n\t<meta property=\"og:image:type\" content=\"image\/jpeg\" \/>\n<meta name=\"twitter:card\" content=\"summary_large_image\" \/>\n<script type=\"application\/ld+json\" class=\"yoast-schema-graph\">{\"@context\":\"https:\/\/schema.org\",\"@graph\":[{\"@type\":\"WebPage\",\"@id\":\"https:\/\/virginmady.com\/en\/product\/organic-maple-butters-sampler\/\",\"url\":\"https:\/\/virginmady.com\/en\/product\/organic-maple-butters-sampler\/\",\"name\":\"ORGANIC MAPLE BUTTERS &#038; JELLY \u2013 SAMPLER biologique - Virgin Mady\",\"isPartOf\":{\"@id\":\"https:\/\/virginmady.com\/en\/#website\"},\"primaryImageOfPage\":{\"@id\":\"https:\/\/virginmady.com\/en\/product\/organic-maple-butters-sampler\/#primaryimage\"},\"image\":{\"@id\":\"https:\/\/virginmady.com\/en\/product\/organic-maple-butters-sampler\/#primaryimage\"},\"thumbnailUrl\":\"https:\/\/virginmady.com\/wp-content\/uploads\/2020\/07\/virgin-mady-produits-600x600-beurre-erable-3-75g-scaled.jpg\",\"datePublished\":\"2020-07-02T20:34:51+00:00\",\"dateModified\":\"2024-04-04T12:56:19+00:00\",\"description\":\"Go\u00fbtez la diff\u00e9rence du beurre biologique et sans gluten. D\u00e9couvrez un monde meilleur dans chaque bouch\u00e9e avec le beurre d'\u00e9rable.\",\"breadcrumb\":{\"@id\":\"https:\/\/virginmady.com\/en\/product\/organic-maple-butters-sampler\/#breadcrumb\"},\"inLanguage\":\"en-US\",\"potentialAction\":[{\"@type\":\"ReadAction\",\"target\":[\"https:\/\/virginmady.com\/en\/product\/organic-maple-butters-sampler\/\"]}]},{\"@type\":\"ImageObject\",\"inLanguage\":\"en-US\",\"@id\":\"https:\/\/virginmady.com\/en\/product\/organic-maple-butters-sampler\/#primaryimage\",\"url\":\"https:\/\/virginmady.com\/wp-content\/uploads\/2020\/07\/virgin-mady-produits-600x600-beurre-erable-3-75g-scaled.jpg\",\"contentUrl\":\"https:\/\/virginmady.com\/wp-content\/uploads\/2020\/07\/virgin-mady-produits-600x600-beurre-erable-3-75g-scaled.jpg\",\"width\":2560,\"height\":2560},{\"@type\":\"BreadcrumbList\",\"@id\":\"https:\/\/virginmady.com\/en\/product\/organic-maple-butters-sampler\/#breadcrumb\",\"itemListElement\":[{\"@type\":\"ListItem\",\"position\":1,\"name\":\"Home\",\"item\":\"https:\/\/virginmady.com\/en\/\"},{\"@type\":\"ListItem\",\"position\":2,\"name\":\"Boutique en ligne\",\"item\":\"https:\/\/virginmady.com\/nos-produits\/\"},{\"@type\":\"ListItem\",\"position\":3,\"name\":\"ORGANIC MAPLE BUTTERS &#038; JELLY \u2013 SAMPLER\"}]},{\"@type\":\"WebSite\",\"@id\":\"https:\/\/virginmady.com\/en\/#website\",\"url\":\"https:\/\/virginmady.com\/en\/\",\"name\":\"Virgin Mady\",\"description\":\"\",\"potentialAction\":[{\"@type\":\"SearchAction\",\"target\":{\"@type\":\"EntryPoint\",\"urlTemplate\":\"https:\/\/virginmady.com\/en\/?s={search_term_string}\"},\"query-input\":{\"@type\":\"PropertyValueSpecification\",\"valueRequired\":true,\"valueName\":\"search_term_string\"}}],\"inLanguage\":\"en-US\"}]}<\/script>\n<!-- \/ Yoast SEO plugin. -->","yoast_head_json":{"title":"ORGANIC MAPLE BUTTERS &#038; JELLY \u2013 SAMPLER biologique - Virgin Mady","description":"Go\u00fbtez la diff\u00e9rence du beurre biologique et sans gluten. D\u00e9couvrez un monde meilleur dans chaque bouch\u00e9e avec le beurre d'\u00e9rable.","robots":{"index":"index","follow":"follow","max-snippet":"max-snippet:-1","max-image-preview":"max-image-preview:large","max-video-preview":"max-video-preview:-1"},"canonical":"https:\/\/virginmady.com\/en\/product\/organic-maple-butters-sampler\/","og_locale":"en_US","og_type":"article","og_title":"ORGANIC MAPLE BUTTERS &#038; JELLY \u2013 SAMPLER biologique - Virgin Mady","og_description":"Go\u00fbtez la diff\u00e9rence du beurre biologique et sans gluten. D\u00e9couvrez un monde meilleur dans chaque bouch\u00e9e avec le beurre d'\u00e9rable.","og_url":"https:\/\/virginmady.com\/en\/product\/organic-maple-butters-sampler\/","og_site_name":"Virgin Mady","article_modified_time":"2024-04-04T12:56:19+00:00","og_image":[{"width":2560,"height":2560,"url":"https:\/\/virginmady.com\/wp-content\/uploads\/2020\/07\/virgin-mady-produits-600x600-beurre-erable-3-75g-scaled.jpg","type":"image\/jpeg"}],"twitter_card":"summary_large_image","schema":{"@context":"https:\/\/schema.org","@graph":[{"@type":"WebPage","@id":"https:\/\/virginmady.com\/en\/product\/organic-maple-butters-sampler\/","url":"https:\/\/virginmady.com\/en\/product\/organic-maple-butters-sampler\/","name":"ORGANIC MAPLE BUTTERS &#038; JELLY \u2013 SAMPLER biologique - Virgin Mady","isPartOf":{"@id":"https:\/\/virginmady.com\/en\/#website"},"primaryImageOfPage":{"@id":"https:\/\/virginmady.com\/en\/product\/organic-maple-butters-sampler\/#primaryimage"},"image":{"@id":"https:\/\/virginmady.com\/en\/product\/organic-maple-butters-sampler\/#primaryimage"},"thumbnailUrl":"https:\/\/virginmady.com\/wp-content\/uploads\/2020\/07\/virgin-mady-produits-600x600-beurre-erable-3-75g-scaled.jpg","datePublished":"2020-07-02T20:34:51+00:00","dateModified":"2024-04-04T12:56:19+00:00","description":"Go\u00fbtez la diff\u00e9rence du beurre biologique et sans gluten. D\u00e9couvrez un monde meilleur dans chaque bouch\u00e9e avec le beurre d'\u00e9rable.","breadcrumb":{"@id":"https:\/\/virginmady.com\/en\/product\/organic-maple-butters-sampler\/#breadcrumb"},"inLanguage":"en-US","potentialAction":[{"@type":"ReadAction","target":["https:\/\/virginmady.com\/en\/product\/organic-maple-butters-sampler\/"]}]},{"@type":"ImageObject","inLanguage":"en-US","@id":"https:\/\/virginmady.com\/en\/product\/organic-maple-butters-sampler\/#primaryimage","url":"https:\/\/virginmady.com\/wp-content\/uploads\/2020\/07\/virgin-mady-produits-600x600-beurre-erable-3-75g-scaled.jpg","contentUrl":"https:\/\/virginmady.com\/wp-content\/uploads\/2020\/07\/virgin-mady-produits-600x600-beurre-erable-3-75g-scaled.jpg","width":2560,"height":2560},{"@type":"BreadcrumbList","@id":"https:\/\/virginmady.com\/en\/product\/organic-maple-butters-sampler\/#breadcrumb","itemListElement":[{"@type":"ListItem","position":1,"name":"Home","item":"https:\/\/virginmady.com\/en\/"},{"@type":"ListItem","position":2,"name":"Boutique en ligne","item":"https:\/\/virginmady.com\/nos-produits\/"},{"@type":"ListItem","position":3,"name":"ORGANIC MAPLE BUTTERS &#038; JELLY \u2013 SAMPLER"}]},{"@type":"WebSite","@id":"https:\/\/virginmady.com\/en\/#website","url":"https:\/\/virginmady.com\/en\/","name":"Virgin Mady","description":"","potentialAction":[{"@type":"SearchAction","target":{"@type":"EntryPoint","urlTemplate":"https:\/\/virginmady.com\/en\/?s={search_term_string}"},"query-input":{"@type":"PropertyValueSpecification","valueRequired":true,"valueName":"search_term_string"}}],"inLanguage":"en-US"}]}},"_links":{"self":[{"href":"https:\/\/virginmady.com\/en\/wp-json\/wp\/v2\/product\/11423","targetHints":{"allow":["GET"]}}],"collection":[{"href":"https:\/\/virginmady.com\/en\/wp-json\/wp\/v2\/product"}],"about":[{"href":"https:\/\/virginmady.com\/en\/wp-json\/wp\/v2\/types\/product"}],"replies":[{"embeddable":true,"href":"https:\/\/virginmady.com\/en\/wp-json\/wp\/v2\/comments?post=11423"}],"wp:featuredmedia":[{"embeddable":true,"href":"https:\/\/virginmady.com\/en\/wp-json\/wp\/v2\/media\/5419"}],"wp:attachment":[{"href":"https:\/\/virginmady.com\/en\/wp-json\/wp\/v2\/media?parent=11423"}],"wp:term":[{"taxonomy":"product_brand","embeddable":true,"href":"https:\/\/virginmady.com\/en\/wp-json\/wp\/v2\/product_brand?post=11423"},{"taxonomy":"product_cat","embeddable":true,"href":"https:\/\/virginmady.com\/en\/wp-json\/wp\/v2\/product_cat?post=11423"},{"taxonomy":"product_tag","embeddable":true,"href":"https:\/\/virginmady.com\/en\/wp-json\/wp\/v2\/product_tag?post=11423"}],"curies":[{"name":"wp","href":"https:\/\/api.w.org\/{rel}","templated":true}]}}