{"id":7845,"date":"2021-09-11T13:27:28","date_gmt":"2021-09-11T17:27:28","guid":{"rendered":"https:\/\/virginmady.com\/cadeaux-corporatifs\/"},"modified":"2023-09-28T17:27:35","modified_gmt":"2023-09-28T21:27:35","slug":"corporate-gifts","status":"publish","type":"page","link":"https:\/\/virginmady.com\/en\/corporate-gifts\/","title":{"rendered":"Corporate gifts"},"content":{"rendered":"<p>[vc_section css=&#8221;.vc_custom_1683041871783{background-image: url(https:\/\/virginmady.com\/wp-content\/uploads\/2023\/05\/72580-VM-Bandeau-Sirops-min1.jpg?id=11281) !important;background-position: center !important;background-repeat: no-repeat !important;background-size: cover !important;}&#8221; el_class=&#8221;header-cadeaux&#8221;][vc_row][vc_column][vc_column_text css=&#8221;.vc_custom_1659099650731{padding-top: 60vh !important;background-position: 0 0 !important;background-repeat: no-repeat !important;}&#8221; el_class=&#8221;gift-text-header&#8221;]<\/p>\n<p style=\"text-align: center; padding-top: 50px;\"><span class=\"gift-title1\">Corporate<\/span><br \/>\n<span class=\"gift-title2\">gifts<\/span><\/p>\n<p><a href=\"#cadeaux-sucres\"><img loading=\"lazy\" decoding=\"async\" class=\"size-full wp-image-1859 aligncenter\" style=\"padding-top: 150px;\" src=\"https:\/\/virginmady.com\/wp-content\/uploads\/2021\/09\/arrow-down.png\" alt=\"\" width=\"26\" height=\"49\" \/><\/a>[\/vc_column_text][vc_single_image image=&#8221;1855&#8243; img_size=&#8221;full&#8221; alignment=&#8221;center&#8221; el_class=&#8221;gift-image-header&#8221;][vc_empty_space height=&#8221;100px&#8221;][\/vc_column][\/vc_row][\/vc_section][vc_section el_id=&#8221;cadeaux-sucres&#8221; css=&#8221;.vc_custom_1632241318555{padding-top: 300px !important;padding-bottom: 100px !important;}&#8221;][vc_row][vc_column width=&#8221;3\/12&#8243;][\/vc_column][vc_column width=&#8221;6\/12&#8243;][vc_column_text]<\/p>\n<h3 style=\"font-size: 3rem; margin-bottom: 1rem; text-align: center;\">Sweet gifts<\/h3>\n<h2 style=\"font-size: 5rem; line-height: 5rem; text-align: center;\">for the happiness of all.<\/h2>\n<p>[\/vc_column_text][vc_column_text css=&#8221;.vc_custom_1659099698752{padding-top: 50px !important;padding-right: 15% !important;padding-left: 15% !important;}&#8221;]<span style=\"font-weight: 400;\">One thing is for sure, all your clients, partners or employees will be very grateful to receive some sweet treats.<\/span><\/p>\n<p><span style=\"font-weight: 400;\">By offering them a quality gift, you will surely make them happy. Our maple products will live up to your expectations and will allow you to select the ideal gift for all tastes.<\/span>[\/vc_column_text][vc_empty_space height=&#8221;30px&#8221;][vc_btn title=&#8221;Ask for a quote&#8221; style=&#8221;outline&#8221; shape=&#8221;square&#8221; align=&#8221;center&#8221; i_align=&#8221;right&#8221; i_icon_fontawesome=&#8221;fa fa-arrow-right&#8221; add_icon=&#8221;true&#8221; link=&#8221;url:https%3A%2F%2Fforms.zohopublic.com%2Fvirginmady%2Fform%2FFormulairecorporatif%2Fformperma%2FA7cRavQaWQCbeEmGFCD0a9Hl0jYTNtJFxdLhtlrcuXM|title:Contact|target:%20_blank|&#8221; css=&#8221;.vc_custom_1686680683914{margin-top: 20px !important;}&#8221; el_id=&#8221;contactBtn&#8221;][\/vc_column][vc_column width=&#8221;3\/12&#8243;][\/vc_column][\/vc_row][\/vc_section][vc_row css=&#8221;.vc_custom_1632407681193{margin-top: 50px !important;margin-bottom: 100px !important;}&#8221; el_class=&#8221;nos-suggestions&#8221;][vc_column][vc_column_text]<\/p>\n<h3 style=\"text-align: center; font-size: 3rem; margin-bottom: 1rem;\">Our<\/h3>\n<h2 style=\"text-align: center; font-size: 5rem;\">suggestions<\/h2>\n<p>[\/vc_column_text][\/vc_column][\/vc_row][vc_row css=&#8221;.vc_custom_1632239472026{margin-top: 2rem !important;margin-bottom: 2rem !important;padding-bottom: 150px !important;}&#8221; el_class=&#8221;gift-slider&#8221;][vc_column]<div class=\"mpcth-waypoint mpcth-items-slider-wrap mpcth-simple-arrows\"><div class=\"mpcth-items-slider-container-wrap\"><div class=\"mpcth-items-slider-container\"><div class=\"mpc-vc-images-slider mpcth-items-slider\" data-max-width=\"600\" data-loop=\"1\" data-speed=\"5000\"><div class=\"mpcth-slide\"><img decoding=\"async\" src=\"https:\/\/virginmady.com\/wp-content\/uploads\/2021\/09\/virgin-mady-produits-600x600-bouteille-sirop-cafe.jpg\"><\/div><div class=\"mpcth-slide\"><img decoding=\"async\" src=\"https:\/\/virginmady.com\/wp-content\/uploads\/2021\/09\/virgin-mady-produits-600x600-bouteille-sirop-whisky.jpg\"><\/div><div class=\"mpcth-slide\"><img decoding=\"async\" src=\"https:\/\/virginmady.com\/wp-content\/uploads\/2021\/09\/virgin-mady-produits-600x600-coffret-desgustation-sirops.jpg\"><\/div><div class=\"mpcth-slide\"><img decoding=\"async\" src=\"https:\/\/virginmady.com\/wp-content\/uploads\/2021\/09\/virgin-mady-produits-600x6000-beurre-erable-tous.jpg\"><\/div><div class=\"mpcth-slide\"><img decoding=\"async\" src=\"https:\/\/virginmady.com\/wp-content\/uploads\/2021\/09\/virgin-mady-produits-600x600-beurre-75g-sirop-whisky.jpg\"><\/div><div class=\"mpcth-slide\"><img decoding=\"async\" src=\"https:\/\/virginmady.com\/wp-content\/uploads\/2021\/09\/virgin-mady-produits-600x600-beurre-150g-sirop-whisky.jpg\"><\/div><div class=\"mpcth-slide\"><img decoding=\"async\" src=\"https:\/\/virginmady.com\/wp-content\/uploads\/2021\/09\/virgin-mady-produits-600x600-beurre-150g-sirop-whisky-cafe.jpg\"><\/div><div class=\"mpcth-slide\"><img decoding=\"async\" src=\"https:\/\/virginmady.com\/wp-content\/uploads\/2021\/09\/virgin-mady-produits-600x600-beurre-erable-2-75g.jpg\"><\/div><div class=\"mpcth-slide\"><img decoding=\"async\" src=\"https:\/\/virginmady.com\/wp-content\/uploads\/2021\/09\/virgin-mady-produits-600x600-beurre-erable-3-75g.jpg\"><\/div><div class=\"mpcth-slide\"><img decoding=\"async\" src=\"https:\/\/virginmady.com\/wp-content\/uploads\/2021\/09\/virgin-mady-produits-600x600-beurre-erable-3-150g.jpg\"><\/div><div class=\"mpcth-slide\"><img decoding=\"async\" src=\"https:\/\/virginmady.com\/wp-content\/uploads\/2021\/09\/virgin-mady-produits-600x600-bouteille-sirop-2.jpg\"><\/div><div class=\"mpcth-slide\"><img decoding=\"async\" src=\"https:\/\/virginmady.com\/wp-content\/uploads\/2021\/09\/virgin-mady-produits-1920x1230-ensemble-beurre-sirop-coffret-4.png\"><\/div><div class=\"mpcth-slide\"><img decoding=\"async\" src=\"https:\/\/virginmady.com\/wp-content\/uploads\/2021\/09\/virgin-mady-produits-1920x1230-ensemble-beurre-sirop-coffret-1.png\"><\/div><div class=\"mpcth-slide\"><img decoding=\"async\" src=\"https:\/\/virginmady.com\/wp-content\/uploads\/2021\/09\/virgin-mady-produits-1920x1230-ensemble-beurre-sirop-coffret-2.png\"><\/div><div class=\"mpcth-slide\"><img decoding=\"async\" src=\"https:\/\/virginmady.com\/wp-content\/uploads\/2021\/09\/virgin-mady-produits-1920x1230-ensemble-beurre-sirop-coffret-3.png\"><\/div><div class=\"mpcth-slide\"><img decoding=\"async\" src=\"https:\/\/virginmady.com\/wp-content\/uploads\/2021\/10\/Boite_1.png\"><\/div><div class=\"mpcth-slide\"><img decoding=\"async\" src=\"https:\/\/virginmady.com\/wp-content\/uploads\/2021\/10\/Boite_2.png\"><\/div><div class=\"mpcth-slide\"><img decoding=\"async\" src=\"https:\/\/virginmady.com\/wp-content\/uploads\/2021\/10\/Boite_3.png\"><\/div><div class=\"mpcth-slide\"><img decoding=\"async\" src=\"https:\/\/virginmady.com\/wp-content\/uploads\/2021\/10\/Boite_4.png\"><\/div><div class=\"mpcth-slide\"><img decoding=\"async\" src=\"https:\/\/virginmady.com\/wp-content\/uploads\/2022\/08\/Bonbon-mou-mariage-1-1.jpg\"><\/div><\/div><\/div><\/div><a href=\"#\" class=\"mpcth-items-slider-next mpcth-color-main-color\"><i class=\"fa fa-angle-right\"><\/i><\/a><a href=\"#\" class=\"mpcth-items-slider-prev mpcth-color-main-color\"><i class=\"fa fa-angle-left\"><\/i><\/a><\/div>[vc_empty_space height=&#8221;10px&#8221;][vc_row_inner equal_height=&#8221;yes&#8221;][vc_column_inner width=&#8221;1\/3&#8243;][\/vc_column_inner][vc_column_inner width=&#8221;1\/3&#8243; offset=&#8221;vc_hidden-xs&#8221;][vc_column_text]<\/p>\n<p style=\"text-align: center;\">Scroll through<\/p>\n<p>[\/vc_column_text][\/vc_column_inner][vc_column_inner width=&#8221;1\/3&#8243;][\/vc_column_inner][\/vc_row_inner][\/vc_column][\/vc_row][vc_row css=&#8221;.vc_custom_1631381780987{margin-top: 150px !important;}&#8221;][vc_column][vc_column_text]<\/p>\n<h2 style=\"text-align: center; font-size: 5rem; margin-bottom: 1rem;\">For the good taste<\/h2>\n<h3 style=\"text-align: center; font-size: 2.5rem; color: #000; font-weight: normal; margin-top: 18px;\">it\u2019s right here<\/h3>\n<p>[\/vc_column_text][\/vc_column][\/vc_row][vc_row full_width=&#8221;stretch_row_content&#8221; css=&#8221;.vc_custom_1632241590850{margin-top: 50px !important;}&#8221; el_class=&#8221;des-cadeaux&#8221;][vc_column width=&#8221;1\/3&#8243; css=&#8221;.vc_custom_1633632916720{padding-right: 0px !important;padding-left: 0px !important;background-position: center !important;background-repeat: no-repeat !important;background-size: cover !important;}&#8221; el_id=&#8221;imagesdescadeaux&#8221;][vc_single_image image=&#8221;1917&#8243; img_size=&#8221;medium&#8221;][\/vc_column][vc_column width=&#8221;1\/3&#8243;][vc_single_image image=&#8221;1862&#8243; img_size=&#8221;full&#8221; alignment=&#8221;center&#8221; el_class=&#8221;icone-sucre&#8221;][\/vc_column][vc_column width=&#8221;1\/3&#8243;][vc_row_inner css=&#8221;.vc_custom_1633640416587{padding-top: 10% !important;padding-right: 10% !important;}&#8221;][vc_column_inner][vc_column_text]<\/p>\n<h3 style=\"font-size: 3rem; margin-bottom: 1rem;\">Gifts<\/h3>\n<h2 style=\"font-size: 5rem; line-height: 5rem;\">that reflect your image<\/h2>\n<p>Our team creates personalized gifts that suit your image. A personalized label or an original gift wrapping, we will guide you in all the steps. You have a gift idea in mind and you would like to realize it? Reach out to us and let&#8217;s make it happen.<\/p>\n<p><span style=\"color: #000000;\"><strong><a style=\"color: #000000;\" href=\"https:\/\/virginmady.com\/contact-fr\/\">Do not hesitate to contact us.<\/a><\/strong><\/span>[\/vc_column_text][vc_empty_space height=&#8221;30px&#8221;][vc_btn title=&#8221;Ask for a quote&#8221; style=&#8221;outline&#8221; shape=&#8221;square&#8221; align=&#8221;left&#8221; i_align=&#8221;right&#8221; i_icon_fontawesome=&#8221;fa fa-arrow-right&#8221; add_icon=&#8221;true&#8221; link=&#8221;url:https%3A%2F%2Fforms.zohopublic.com%2Fvirginmady%2Fform%2FFormulairecorporatif%2Fformperma%2FA7cRavQaWQCbeEmGFCD0a9Hl0jYTNtJFxdLhtlrcuXM|title:Contact|target:%20_blank|&#8221; css=&#8221;.vc_custom_1686680771882{margin-top: 20px !important;}&#8221;][\/vc_column_inner][\/vc_row_inner][\/vc_column][\/vc_row][vc_row css=&#8221;.vc_custom_1631381780987{margin-top: 150px !important;}&#8221;][vc_column][vc_column_text]<\/p>\n<h2 style=\"text-align: center; font-size: 5rem; margin-bottom: 1rem;\">To join us<\/h2>\n<p>[\/vc_column_text][\/vc_column][\/vc_row][vc_row css=&#8221;.vc_custom_1632411782044{margin-top: 30px !important;margin-bottom: 30px !important;}&#8221; el_class=&#8221;cadeaux-contact&#8221;][vc_column][vc_btn title=&#8221;Contact us&#8221; style=&#8221;outline&#8221; shape=&#8221;square&#8221; align=&#8221;center&#8221; i_align=&#8221;right&#8221; i_icon_fontawesome=&#8221;fa fa-arrow-right&#8221; add_icon=&#8221;true&#8221; link=&#8221;url:https%3A%2F%2Fvirginmady.com%2Fen%2Fcontact|title:Contact||&#8221; css=&#8221;.vc_custom_1659102508950{margin-top: 20px !important;}&#8221;][vc_column_text]<\/p>\n<p style=\"text-align: center; color: #000;\"><a href=\"mailto:info@virginmady.com\">info@virginmady.com<\/a><\/p>\n<p>[\/vc_column_text][\/vc_column][\/vc_row]<\/p>\n","protected":false},"excerpt":{"rendered":"<p>[vc_section css=&#8221;.vc_custom_1683041871783{background-image: url(https:\/\/virginmady.com\/wp-content\/uploads\/2023\/05\/72580-VM-Bandeau-Sirops-min1.jpg?id=11281) !important;background-position: center !important;background-repeat: no-repeat !important;background-size: cover !important;}&#8221; el_class=&#8221;header-cadeaux&#8221;][vc_row][vc_column][vc_column_text css=&#8221;.vc_custom_1659099650731{padding-top: 60vh !important;background-position: 0 0 !important;background-repeat: no-repeat !important;}&#8221; el_class=&#8221;gift-text-header&#8221;] Corporate gifts [\/vc_column_text][vc_single_image image=&#8221;1855&#8243; img_size=&#8221;full&#8221; alignment=&#8221;center&#8221; el_class=&#8221;gift-image-header&#8221;][vc_empty_space height=&#8221;100px&#8221;][\/vc_column][\/vc_row][\/vc_section][vc_section el_id=&#8221;cadeaux-sucres&#8221; css=&#8221;.vc_custom_1632241318555{padding-top: 300px !important;padding-bottom: 100px !important;}&#8221;][vc_row][vc_column width=&#8221;3\/12&#8243;][\/vc_column][vc_column width=&#8221;6\/12&#8243;][vc_column_text] Sweet gifts for the happiness of all. [\/vc_column_text][vc_column_text css=&#8221;.vc_custom_1659099698752{padding-top: 50px !important;padding-right: 15% !important;padding-left: 15% !important;}&#8221;]One thing is for sure,&#8230;<\/p>\n","protected":false},"author":7,"featured_media":0,"parent":0,"menu_order":0,"comment_status":"closed","ping_status":"closed","template":"","meta":{"_acf_changed":false,"footnotes":""},"class_list":["post-7845","page","type-page","status-publish","hentry"],"acf":[],"yoast_head":"<!-- This site is optimized with the Yoast SEO plugin v26.8 - https:\/\/yoast.com\/product\/yoast-seo-wordpress\/ -->\n<title>Corporate gifts - Virgin Mady<\/title>\n<meta name=\"description\" content=\"D\u00e9couvrez notre offre de cadeau corporatif de produits de l&#039;\u00e9rable offert en paniers-cadeaux th\u00e9matiques ou \u00e0 personnaliser.\" \/>\n<meta name=\"robots\" content=\"index, follow, max-snippet:-1, max-image-preview:large, max-video-preview:-1\" \/>\n<link rel=\"canonical\" href=\"https:\/\/virginmady.com\/en\/corporate-gifts\/\" \/>\n<meta property=\"og:locale\" content=\"en_US\" \/>\n<meta property=\"og:type\" content=\"article\" \/>\n<meta property=\"og:title\" content=\"Corporate gifts - Virgin Mady\" \/>\n<meta property=\"og:description\" content=\"D\u00e9couvrez notre offre de cadeau corporatif de produits de l&#039;\u00e9rable offert en paniers-cadeaux th\u00e9matiques ou \u00e0 personnaliser.\" \/>\n<meta property=\"og:url\" content=\"https:\/\/virginmady.com\/en\/corporate-gifts\/\" \/>\n<meta property=\"og:site_name\" content=\"Virgin Mady\" \/>\n<meta property=\"article:modified_time\" content=\"2023-09-28T21:27:35+00:00\" \/>\n<meta property=\"og:image\" content=\"https:\/\/virginmady.com\/wp-content\/uploads\/2021\/09\/arrow-down.png\" \/>\n<meta name=\"twitter:card\" content=\"summary_large_image\" \/>\n<meta name=\"twitter:label1\" content=\"Est. reading time\" \/>\n\t<meta name=\"twitter:data1\" content=\"2 minutes\" \/>\n<script type=\"application\/ld+json\" class=\"yoast-schema-graph\">{\"@context\":\"https:\/\/schema.org\",\"@graph\":[{\"@type\":\"WebPage\",\"@id\":\"https:\/\/virginmady.com\/en\/corporate-gifts\/\",\"url\":\"https:\/\/virginmady.com\/en\/corporate-gifts\/\",\"name\":\"Corporate gifts - Virgin Mady\",\"isPartOf\":{\"@id\":\"https:\/\/virginmady.com\/en\/#website\"},\"primaryImageOfPage\":{\"@id\":\"https:\/\/virginmady.com\/en\/corporate-gifts\/#primaryimage\"},\"image\":{\"@id\":\"https:\/\/virginmady.com\/en\/corporate-gifts\/#primaryimage\"},\"thumbnailUrl\":\"https:\/\/virginmady.com\/wp-content\/uploads\/2021\/09\/arrow-down.png\",\"datePublished\":\"2021-09-11T17:27:28+00:00\",\"dateModified\":\"2023-09-28T21:27:35+00:00\",\"description\":\"D\u00e9couvrez notre offre de cadeau corporatif de produits de l'\u00e9rable offert en paniers-cadeaux th\u00e9matiques ou \u00e0 personnaliser.\",\"breadcrumb\":{\"@id\":\"https:\/\/virginmady.com\/en\/corporate-gifts\/#breadcrumb\"},\"inLanguage\":\"en-US\",\"potentialAction\":[{\"@type\":\"ReadAction\",\"target\":[\"https:\/\/virginmady.com\/en\/corporate-gifts\/\"]}]},{\"@type\":\"ImageObject\",\"inLanguage\":\"en-US\",\"@id\":\"https:\/\/virginmady.com\/en\/corporate-gifts\/#primaryimage\",\"url\":\"https:\/\/virginmady.com\/wp-content\/uploads\/2021\/09\/arrow-down.png\",\"contentUrl\":\"https:\/\/virginmady.com\/wp-content\/uploads\/2021\/09\/arrow-down.png\"},{\"@type\":\"BreadcrumbList\",\"@id\":\"https:\/\/virginmady.com\/en\/corporate-gifts\/#breadcrumb\",\"itemListElement\":[{\"@type\":\"ListItem\",\"position\":1,\"name\":\"Home\",\"item\":\"https:\/\/virginmady.com\/en\/\"},{\"@type\":\"ListItem\",\"position\":2,\"name\":\"Corporate gifts\"}]},{\"@type\":\"WebSite\",\"@id\":\"https:\/\/virginmady.com\/en\/#website\",\"url\":\"https:\/\/virginmady.com\/en\/\",\"name\":\"Virgin Mady\",\"description\":\"\",\"potentialAction\":[{\"@type\":\"SearchAction\",\"target\":{\"@type\":\"EntryPoint\",\"urlTemplate\":\"https:\/\/virginmady.com\/en\/?s={search_term_string}\"},\"query-input\":{\"@type\":\"PropertyValueSpecification\",\"valueRequired\":true,\"valueName\":\"search_term_string\"}}],\"inLanguage\":\"en-US\"}]}<\/script>\n<!-- \/ Yoast SEO plugin. -->","yoast_head_json":{"title":"Corporate gifts - Virgin Mady","description":"D\u00e9couvrez notre offre de cadeau corporatif de produits de l'\u00e9rable offert en paniers-cadeaux th\u00e9matiques ou \u00e0 personnaliser.","robots":{"index":"index","follow":"follow","max-snippet":"max-snippet:-1","max-image-preview":"max-image-preview:large","max-video-preview":"max-video-preview:-1"},"canonical":"https:\/\/virginmady.com\/en\/corporate-gifts\/","og_locale":"en_US","og_type":"article","og_title":"Corporate gifts - Virgin Mady","og_description":"D\u00e9couvrez notre offre de cadeau corporatif de produits de l'\u00e9rable offert en paniers-cadeaux th\u00e9matiques ou \u00e0 personnaliser.","og_url":"https:\/\/virginmady.com\/en\/corporate-gifts\/","og_site_name":"Virgin Mady","article_modified_time":"2023-09-28T21:27:35+00:00","og_image":[{"url":"https:\/\/virginmady.com\/wp-content\/uploads\/2021\/09\/arrow-down.png","type":"","width":"","height":""}],"twitter_card":"summary_large_image","twitter_misc":{"Est. reading time":"2 minutes"},"schema":{"@context":"https:\/\/schema.org","@graph":[{"@type":"WebPage","@id":"https:\/\/virginmady.com\/en\/corporate-gifts\/","url":"https:\/\/virginmady.com\/en\/corporate-gifts\/","name":"Corporate gifts - Virgin Mady","isPartOf":{"@id":"https:\/\/virginmady.com\/en\/#website"},"primaryImageOfPage":{"@id":"https:\/\/virginmady.com\/en\/corporate-gifts\/#primaryimage"},"image":{"@id":"https:\/\/virginmady.com\/en\/corporate-gifts\/#primaryimage"},"thumbnailUrl":"https:\/\/virginmady.com\/wp-content\/uploads\/2021\/09\/arrow-down.png","datePublished":"2021-09-11T17:27:28+00:00","dateModified":"2023-09-28T21:27:35+00:00","description":"D\u00e9couvrez notre offre de cadeau corporatif de produits de l'\u00e9rable offert en paniers-cadeaux th\u00e9matiques ou \u00e0 personnaliser.","breadcrumb":{"@id":"https:\/\/virginmady.com\/en\/corporate-gifts\/#breadcrumb"},"inLanguage":"en-US","potentialAction":[{"@type":"ReadAction","target":["https:\/\/virginmady.com\/en\/corporate-gifts\/"]}]},{"@type":"ImageObject","inLanguage":"en-US","@id":"https:\/\/virginmady.com\/en\/corporate-gifts\/#primaryimage","url":"https:\/\/virginmady.com\/wp-content\/uploads\/2021\/09\/arrow-down.png","contentUrl":"https:\/\/virginmady.com\/wp-content\/uploads\/2021\/09\/arrow-down.png"},{"@type":"BreadcrumbList","@id":"https:\/\/virginmady.com\/en\/corporate-gifts\/#breadcrumb","itemListElement":[{"@type":"ListItem","position":1,"name":"Home","item":"https:\/\/virginmady.com\/en\/"},{"@type":"ListItem","position":2,"name":"Corporate gifts"}]},{"@type":"WebSite","@id":"https:\/\/virginmady.com\/en\/#website","url":"https:\/\/virginmady.com\/en\/","name":"Virgin Mady","description":"","potentialAction":[{"@type":"SearchAction","target":{"@type":"EntryPoint","urlTemplate":"https:\/\/virginmady.com\/en\/?s={search_term_string}"},"query-input":{"@type":"PropertyValueSpecification","valueRequired":true,"valueName":"search_term_string"}}],"inLanguage":"en-US"}]}},"_links":{"self":[{"href":"https:\/\/virginmady.com\/en\/wp-json\/wp\/v2\/pages\/7845","targetHints":{"allow":["GET"]}}],"collection":[{"href":"https:\/\/virginmady.com\/en\/wp-json\/wp\/v2\/pages"}],"about":[{"href":"https:\/\/virginmady.com\/en\/wp-json\/wp\/v2\/types\/page"}],"author":[{"embeddable":true,"href":"https:\/\/virginmady.com\/en\/wp-json\/wp\/v2\/users\/7"}],"replies":[{"embeddable":true,"href":"https:\/\/virginmady.com\/en\/wp-json\/wp\/v2\/comments?post=7845"}],"version-history":[{"count":9,"href":"https:\/\/virginmady.com\/en\/wp-json\/wp\/v2\/pages\/7845\/revisions"}],"predecessor-version":[{"id":11496,"href":"https:\/\/virginmady.com\/en\/wp-json\/wp\/v2\/pages\/7845\/revisions\/11496"}],"wp:attachment":[{"href":"https:\/\/virginmady.com\/en\/wp-json\/wp\/v2\/media?parent=7845"}],"curies":[{"name":"wp","href":"https:\/\/api.w.org\/{rel}","templated":true}]}}