{"id":6677,"date":"2022-03-18T11:09:45","date_gmt":"2022-03-18T15:09:45","guid":{"rendered":"https:\/\/virginmady.com\/new-accueil\/"},"modified":"2024-04-01T19:54:53","modified_gmt":"2024-04-01T23:54:53","slug":"new-accueil","status":"publish","type":"page","link":"https:\/\/virginmady.com\/en\/","title":{"rendered":"Home"},"content":{"rendered":"<p>[vc_row full_width=&#8221;stretch_row_content_no_spaces&#8221; el_class=&#8221;no-padding&#8221;][vc_column][rev_slider_vc alias=&#8221;slider-accueil-mars-2021-en&#8221;][\/vc_column][\/vc_row][vc_row full_width=&#8221;stretch_row_content&#8221; css=&#8221;.vc_custom_1643397502879{padding-top: 100px !important;padding-bottom: 100px !important;background-color: #000000 !important;}&#8221;][vc_column width=&#8221;1\/12&#8243;][\/vc_column][vc_column width=&#8221;3\/12&#8243; css=&#8221;.vc_custom_1643405732821{padding-top: 100px !important;}&#8221;][vc_column_text]<span class=\"home-subtitle\" style=\"color: #fff;\">OUR PRODUCTS<\/span><br \/>\n<span class=\"home-title\" style=\"color: #fff;\">From passion to creation<\/span><\/p>\n<p><span class=\"para-rale\" style=\"color: #fff;\">Exceptional products, a family story, love and passion united. Discover the story of VIRGIN MADY. Take a look at our ranges now.<\/span><\/p>\n<p class=\"btn-cta btn-cta-white\" style=\"text-align: center;\"><a style=\"color: white;\" href=\"https:\/\/virginmady.com\/nos-produits\/\">Shop<\/a><\/p>\n<p>[\/vc_column_text][\/vc_column][vc_column width=&#8221;8\/12&#8243;][vc_row_inner][vc_column_inner width=&#8221;1\/3&#8243;][vc_single_image image=&#8221;5785&#8243; img_size=&#8221;medium&#8221; alignment=&#8221;center&#8221; onclick=&#8221;custom_link&#8221; link=&#8221;\/en\/our-products\/&#8221; el_id=&#8221;\/en\/our-products\/&#8221;][vc_column_text]<\/p>\n<p class=\"btn-cta btn-cta-white\" style=\"text-align: center; margin: auto;\"><a style=\"color: white;\" href=\"https:\/\/virginmady.com\/nos-produits\/\">Shop<\/a><\/p>\n<p>[\/vc_column_text][\/vc_column_inner][vc_column_inner width=&#8221;1\/3&#8243;][vc_single_image image=&#8221;5668&#8243; img_size=&#8221;medium&#8221; alignment=&#8221;center&#8221; onclick=&#8221;custom_link&#8221; link=&#8221;\/en\/our-products\/&#8221;][vc_column_text]<\/p>\n<p class=\"btn-cta btn-cta-white\" style=\"text-align: center; margin: auto;\"><a style=\"color: white;\" href=\"https:\/\/virginmady.com\/nos-produits\/\">Shop<\/a><\/p>\n<p>[\/vc_column_text][\/vc_column_inner][vc_column_inner width=&#8221;1\/3&#8243;][vc_single_image image=&#8221;5666&#8243; img_size=&#8221;medium&#8221; alignment=&#8221;center&#8221; onclick=&#8221;custom_link&#8221; link=&#8221;\/en\/our-products\/&#8221;][vc_column_text]<\/p>\n<p class=\"btn-cta btn-cta-white\" style=\"text-align: center; margin: auto;\"><a style=\"color: white;\" href=\"https:\/\/virginmady.com\/nos-produits\/\">Shop<\/a><\/p>\n<p>[\/vc_column_text][\/vc_column_inner][\/vc_row_inner][\/vc_column][\/vc_row][vc_row css=&#8221;.vc_custom_1709732841468{margin-top: 125px !important;margin-bottom: 0px !important;}&#8221;][vc_column width=&#8221;1\/12&#8243;][\/vc_column][vc_column width=&#8221;4\/12&#8243;][vc_column_text]<span class=\"home-subtitle\">WELCOME TO THE UNIVERSE<\/span><br \/>\n<span class=\"home-title\">of Virgin Mady<\/span><\/p>\n<p>&nbsp;<\/p>\n<p><span class=\"para-rale\">Exceptional products, a family story, love and passion united. Discover the story of VIRGIN MADY. Take a look now at our range of unique specialty syrups and butters. Worthy of a great chef, they will allow you to revisit your recipes and desserts. <span style=\"font-weight: 400;\">Virgin Mady, a gift for yourself or for others.<\/span><\/span><\/p>\n<p><a class=\"btn-cta\" href=\"https:\/\/virginmady.com\/en\/mady-en\/\">Who is Mady<\/a>[\/vc_column_text][\/vc_column][vc_column width=&#8221;2\/12&#8243;][\/vc_column][vc_column width=&#8221;5\/12&#8243;][vc_single_image image=&#8221;7119&#8243; img_size=&#8221;full&#8221;][\/vc_column][\/vc_row][vc_row full_width=&#8221;stretch_row_content&#8221; css=&#8221;.vc_custom_1647611642941{padding-top: 150px !important;padding-bottom: 150px !important;}&#8221;][vc_column width=&#8221;5\/12&#8243; css=&#8221;.vc_custom_1647616391600{padding-left: 0px !important;}&#8221;][vc_single_image image=&#8221;6525&#8243; img_size=&#8221;full&#8221;][\/vc_column][vc_column width=&#8221;3\/12&#8243;][vc_column_text]<span class=\"home-subtitle\">Certified Organic<\/span><\/p>\n<p><span class=\"home-title\">Nature at its best<\/span><\/p>\n<p>Our goal is to share a sugar with an exceptional structure while remaining ecological and organic. Our products are not only 100% organic, but also 100% vegan. What more ?<\/p>\n<p><strong>100% organic and 100% vegan<\/strong><\/p>\n<p><a class=\"btn-cta\" href=\"https:\/\/virginmady.com\/en\/mady-en\/\">Learn more<\/a>[\/vc_column_text][\/vc_column][vc_column width=&#8221;1\/12&#8243;][\/vc_column][vc_column width=&#8221;1\/12&#8243;][vc_single_image image=&#8221;5734&#8243; img_size=&#8221;full&#8221; alignment=&#8221;center&#8221; css=&#8221;.vc_custom_1647624285008{padding-bottom: 90px !important;}&#8221;][vc_single_image image=&#8221;5736&#8243; img_size=&#8221;full&#8221; alignment=&#8221;center&#8221; css=&#8221;.vc_custom_1647623376395{padding-bottom: 90px !important;}&#8221;][vc_single_image image=&#8221;5740&#8243; img_size=&#8221;full&#8221; alignment=&#8221;center&#8221;][\/vc_column][vc_column width=&#8221;1\/12&#8243;][vc_single_image image=&#8221;5732&#8243; img_size=&#8221;full&#8221; alignment=&#8221;center&#8221; css=&#8221;.vc_custom_1647623389173{padding-bottom: 90px !important;}&#8221;][vc_single_image image=&#8221;5738&#8243; img_size=&#8221;full&#8221; alignment=&#8221;center&#8221;][\/vc_column][vc_column width=&#8221;1\/12&#8243;][\/vc_column][\/vc_row][vc_row full_width=&#8221;stretch_row_content_no_spaces&#8221;][vc_column css=&#8221;.vc_custom_1647616365151{padding-right: 0px !important;padding-left: 0px !important;}&#8221;][vc_single_image image=&#8221;6545&#8243; img_size=&#8221;full&#8221; alignment=&#8221;center&#8221;][\/vc_column][\/vc_row][vc_row css=&#8221;.vc_custom_1647616644560{padding-top: 150px !important;padding-bottom: 150px !important;}&#8221;][vc_column width=&#8221;1\/12&#8243;][\/vc_column][vc_column width=&#8221;10\/12&#8243;][vc_column_text]<span class=\"home-subtitle\">Where to find our products ?<\/span><br \/>\n<span class=\"home-title\">In a point of sale near you!<\/span><\/p>\n<p>Our team creates personalized gifts in your image. You have<br \/>\nan idea in mind and you would like to realize it? Do not hesitate to contact us.<\/p>\n<p><strong>Do not hesitate to contact us.<\/strong><\/p>\n<p><a class=\"btn-cta\" href=\"https:\/\/virginmady.com\/en\/points-of-sale\/\">Find the closest<\/a>[\/vc_column_text][\/vc_column][vc_column width=&#8221;1\/12&#8243;][\/vc_column][\/vc_row][vc_row full_width=&#8221;stretch_row_content_no_spaces&#8221; css=&#8221;.vc_custom_1647618036448{padding-top: 65px !important;padding-bottom: 65px !important;background-color: #000000 !important;}&#8221;][vc_column][vc_column_text]<\/p>\n<p style=\"text-align: center;\"><span class=\"home-title\" style=\"color: #fff;\">For good taste<\/span><br \/>\n<span class=\"home-subtitle\" style=\"color: #fff;\">click here.<\/span><\/p>\n<p style=\"text-align: center;\"><a class=\"btn-cta btn-cta-white\" style=\"margin: auto;\" href=\"https:\/\/virginmady.com\/en\/contact\/\">Contact us<\/a><\/p>\n<p>[\/vc_column_text][\/vc_column][\/vc_row]<\/p>\n","protected":false},"excerpt":{"rendered":"<p>[vc_row full_width=&#8221;stretch_row_content_no_spaces&#8221; el_class=&#8221;no-padding&#8221;][vc_column][rev_slider_vc alias=&#8221;slider-accueil-mars-2021-en&#8221;][\/vc_column][\/vc_row][vc_row full_width=&#8221;stretch_row_content&#8221; css=&#8221;.vc_custom_1643397502879{padding-top: 100px !important;padding-bottom: 100px !important;background-color: #000000 !important;}&#8221;][vc_column width=&#8221;1\/12&#8243;][\/vc_column][vc_column width=&#8221;3\/12&#8243; css=&#8221;.vc_custom_1643405732821{padding-top: 100px !important;}&#8221;][vc_column_text]OUR PRODUCTS From passion to creation Exceptional products, a family story, love and passion united. Discover the story of VIRGIN MADY. Take a look at our ranges now. Shop [\/vc_column_text][\/vc_column][vc_column width=&#8221;8\/12&#8243;][vc_row_inner][vc_column_inner width=&#8221;1\/3&#8243;][vc_single_image image=&#8221;5785&#8243; img_size=&#8221;medium&#8221; alignment=&#8221;center&#8221; onclick=&#8221;custom_link&#8221; link=&#8221;\/en\/our-products\/&#8221; el_id=&#8221;\/en\/our-products\/&#8221;][vc_column_text] Shop&#8230;<\/p>\n","protected":false},"author":7,"featured_media":0,"parent":0,"menu_order":0,"comment_status":"closed","ping_status":"closed","template":"","meta":{"_acf_changed":false,"footnotes":""},"class_list":["post-6677","page","type-page","status-publish","hentry"],"acf":[],"yoast_head":"<!-- This site is optimized with the Yoast SEO plugin v26.8 - https:\/\/yoast.com\/product\/yoast-seo-wordpress\/ -->\n<title>Virgin Mady : Produits sp\u00e9cialis\u00e9s de l\u2019\u00e9rable<\/title>\n<meta name=\"description\" content=\"Virgin Mady offre des produits d\u2019\u00e9rable tels que sirop vieilli en f\u00fbt de whisky 6 &amp; 12 mois, beurre d\u2019\u00e9rable au sel d&#039;himalaya ou infus\u00e9 aux grains de caf\u00e9.\" \/>\n<meta name=\"robots\" content=\"index, follow, max-snippet:-1, max-image-preview:large, max-video-preview:-1\" \/>\n<link rel=\"canonical\" href=\"https:\/\/virginmady.com\/en\/\" \/>\n<meta property=\"og:locale\" content=\"en_US\" \/>\n<meta property=\"og:type\" content=\"article\" \/>\n<meta property=\"og:title\" content=\"Virgin Mady : Produits sp\u00e9cialis\u00e9s de l\u2019\u00e9rable\" \/>\n<meta property=\"og:description\" content=\"Virgin Mady offre des produits d\u2019\u00e9rable tels que sirop vieilli en f\u00fbt de whisky 6 &amp; 12 mois, beurre d\u2019\u00e9rable au sel d&#039;himalaya ou infus\u00e9 aux grains de caf\u00e9.\" \/>\n<meta property=\"og:url\" content=\"https:\/\/virginmady.com\/en\/\" \/>\n<meta property=\"og:site_name\" content=\"Virgin Mady\" \/>\n<meta property=\"article:modified_time\" content=\"2024-04-01T23:54:53+00:00\" \/>\n<meta property=\"og:image\" content=\"https:\/\/virginmady.com\/wp-content\/uploads\/2022\/11\/logo-fb-virgin-mady.png\" \/>\n\t<meta property=\"og:image:width\" content=\"1200\" \/>\n\t<meta property=\"og:image:height\" content=\"630\" \/>\n\t<meta property=\"og:image:type\" content=\"image\/png\" \/>\n<meta name=\"twitter:card\" content=\"summary_large_image\" \/>\n<meta name=\"twitter:label1\" content=\"Est. reading time\" \/>\n\t<meta name=\"twitter:data1\" content=\"2 minutes\" \/>\n<script type=\"application\/ld+json\" class=\"yoast-schema-graph\">{\"@context\":\"https:\/\/schema.org\",\"@graph\":[{\"@type\":\"WebPage\",\"@id\":\"https:\/\/virginmady.com\/en\/\",\"url\":\"https:\/\/virginmady.com\/en\/\",\"name\":\"Virgin Mady : Produits sp\u00e9cialis\u00e9s de l\u2019\u00e9rable\",\"isPartOf\":{\"@id\":\"https:\/\/virginmady.com\/en\/#website\"},\"datePublished\":\"2022-03-18T15:09:45+00:00\",\"dateModified\":\"2024-04-01T23:54:53+00:00\",\"description\":\"Virgin Mady offre des produits d\u2019\u00e9rable tels que sirop vieilli en f\u00fbt de whisky 6 & 12 mois, beurre d\u2019\u00e9rable au sel d'himalaya ou infus\u00e9 aux grains de caf\u00e9.\",\"breadcrumb\":{\"@id\":\"https:\/\/virginmady.com\/en\/#breadcrumb\"},\"inLanguage\":\"en-US\",\"potentialAction\":[{\"@type\":\"ReadAction\",\"target\":[\"https:\/\/virginmady.com\/en\/\"]}]},{\"@type\":\"BreadcrumbList\",\"@id\":\"https:\/\/virginmady.com\/en\/#breadcrumb\",\"itemListElement\":[{\"@type\":\"ListItem\",\"position\":1,\"name\":\"Home\",\"item\":\"https:\/\/virginmady.com\/en\/\"},{\"@type\":\"ListItem\",\"position\":2,\"name\":\"Home\"}]},{\"@type\":\"WebSite\",\"@id\":\"https:\/\/virginmady.com\/en\/#website\",\"url\":\"https:\/\/virginmady.com\/en\/\",\"name\":\"Virgin Mady\",\"description\":\"\",\"potentialAction\":[{\"@type\":\"SearchAction\",\"target\":{\"@type\":\"EntryPoint\",\"urlTemplate\":\"https:\/\/virginmady.com\/en\/?s={search_term_string}\"},\"query-input\":{\"@type\":\"PropertyValueSpecification\",\"valueRequired\":true,\"valueName\":\"search_term_string\"}}],\"inLanguage\":\"en-US\"}]}<\/script>\n<!-- \/ Yoast SEO plugin. -->","yoast_head_json":{"title":"Virgin Mady : Produits sp\u00e9cialis\u00e9s de l\u2019\u00e9rable","description":"Virgin Mady offre des produits d\u2019\u00e9rable tels que sirop vieilli en f\u00fbt de whisky 6 & 12 mois, beurre d\u2019\u00e9rable au sel d'himalaya ou infus\u00e9 aux grains de caf\u00e9.","robots":{"index":"index","follow":"follow","max-snippet":"max-snippet:-1","max-image-preview":"max-image-preview:large","max-video-preview":"max-video-preview:-1"},"canonical":"https:\/\/virginmady.com\/en\/","og_locale":"en_US","og_type":"article","og_title":"Virgin Mady : Produits sp\u00e9cialis\u00e9s de l\u2019\u00e9rable","og_description":"Virgin Mady offre des produits d\u2019\u00e9rable tels que sirop vieilli en f\u00fbt de whisky 6 & 12 mois, beurre d\u2019\u00e9rable au sel d'himalaya ou infus\u00e9 aux grains de caf\u00e9.","og_url":"https:\/\/virginmady.com\/en\/","og_site_name":"Virgin Mady","article_modified_time":"2024-04-01T23:54:53+00:00","og_image":[{"width":1200,"height":630,"url":"https:\/\/virginmady.com\/wp-content\/uploads\/2022\/11\/logo-fb-virgin-mady.png","type":"image\/png"}],"twitter_card":"summary_large_image","twitter_misc":{"Est. reading time":"2 minutes"},"schema":{"@context":"https:\/\/schema.org","@graph":[{"@type":"WebPage","@id":"https:\/\/virginmady.com\/en\/","url":"https:\/\/virginmady.com\/en\/","name":"Virgin Mady : Produits sp\u00e9cialis\u00e9s de l\u2019\u00e9rable","isPartOf":{"@id":"https:\/\/virginmady.com\/en\/#website"},"datePublished":"2022-03-18T15:09:45+00:00","dateModified":"2024-04-01T23:54:53+00:00","description":"Virgin Mady offre des produits d\u2019\u00e9rable tels que sirop vieilli en f\u00fbt de whisky 6 & 12 mois, beurre d\u2019\u00e9rable au sel d'himalaya ou infus\u00e9 aux grains de caf\u00e9.","breadcrumb":{"@id":"https:\/\/virginmady.com\/en\/#breadcrumb"},"inLanguage":"en-US","potentialAction":[{"@type":"ReadAction","target":["https:\/\/virginmady.com\/en\/"]}]},{"@type":"BreadcrumbList","@id":"https:\/\/virginmady.com\/en\/#breadcrumb","itemListElement":[{"@type":"ListItem","position":1,"name":"Home","item":"https:\/\/virginmady.com\/en\/"},{"@type":"ListItem","position":2,"name":"Home"}]},{"@type":"WebSite","@id":"https:\/\/virginmady.com\/en\/#website","url":"https:\/\/virginmady.com\/en\/","name":"Virgin Mady","description":"","potentialAction":[{"@type":"SearchAction","target":{"@type":"EntryPoint","urlTemplate":"https:\/\/virginmady.com\/en\/?s={search_term_string}"},"query-input":{"@type":"PropertyValueSpecification","valueRequired":true,"valueName":"search_term_string"}}],"inLanguage":"en-US"}]}},"_links":{"self":[{"href":"https:\/\/virginmady.com\/en\/wp-json\/wp\/v2\/pages\/6677","targetHints":{"allow":["GET"]}}],"collection":[{"href":"https:\/\/virginmady.com\/en\/wp-json\/wp\/v2\/pages"}],"about":[{"href":"https:\/\/virginmady.com\/en\/wp-json\/wp\/v2\/types\/page"}],"author":[{"embeddable":true,"href":"https:\/\/virginmady.com\/en\/wp-json\/wp\/v2\/users\/7"}],"replies":[{"embeddable":true,"href":"https:\/\/virginmady.com\/en\/wp-json\/wp\/v2\/comments?post=6677"}],"version-history":[{"count":28,"href":"https:\/\/virginmady.com\/en\/wp-json\/wp\/v2\/pages\/6677\/revisions"}],"predecessor-version":[{"id":11884,"href":"https:\/\/virginmady.com\/en\/wp-json\/wp\/v2\/pages\/6677\/revisions\/11884"}],"wp:attachment":[{"href":"https:\/\/virginmady.com\/en\/wp-json\/wp\/v2\/media?parent=6677"}],"curies":[{"name":"wp","href":"https:\/\/api.w.org\/{rel}","templated":true}]}}